{"id":311,"date":"2025-10-29T13:49:12","date_gmt":"2025-10-29T12:49:12","guid":{"rendered":"https:\/\/business-god.com\/?post_type=product&#038;p=311"},"modified":"2025-11-05T10:51:36","modified_gmt":"2025-11-05T09:51:36","slug":"clavier-souris-casque-gaming","status":"publish","type":"product","link":"https:\/\/business-god.com\/en\/boutique\/clavier-souris-casque-gaming\/","title":{"rendered":"Clavier + Souris + casque Gaming"},"content":{"rendered":"<p data-start=\"166\" data-end=\"260\">Plongez dans l\u2019univers du gaming avec ce <strong data-start=\"207\" data-end=\"223\">pack complet<\/strong>, pens\u00e9 pour les joueurs exigeants.<\/p>\n<ul data-start=\"261\" data-end=\"726\">\n<li data-start=\"261\" data-end=\"403\">\n<p data-start=\"263\" data-end=\"403\"><strong data-start=\"263\" data-end=\"281\">Clavier Gaming<\/strong> : r\u00e9tro\u00e9clair\u00e9 RGB, touches r\u00e9actives et anti-ghosting pour un contr\u00f4le pr\u00e9cis et rapide lors de vos sessions intenses.<\/p>\n<\/li>\n<li data-start=\"404\" data-end=\"545\">\n<p data-start=\"406\" data-end=\"545\"><strong data-start=\"406\" data-end=\"423\">Souris Gaming<\/strong> : capteur haute pr\u00e9cision, ergonomique, avec boutons programmables pour un confort optimal et des performances accrues.<\/p>\n<\/li>\n<li data-start=\"546\" data-end=\"726\">\n<p data-start=\"548\" data-end=\"726\"><strong data-start=\"548\" data-end=\"565\">Casque Gaming<\/strong> : son st\u00e9r\u00e9o immersif ou surround, micro int\u00e9gr\u00e9 pour une communication claire avec vos co\u00e9quipiers, et coussinets confortables pour de longues heures de jeu.<\/p>\n<\/li>\n<\/ul>\n<p data-start=\"728\" data-end=\"921\">Ce trio garantit <strong data-start=\"745\" data-end=\"781\">r\u00e9activit\u00e9, confort et immersion<\/strong>, que vous soyez d\u00e9butant ou joueur confirm\u00e9. Profitez d\u2019un setup complet pour <strong data-start=\"860\" data-end=\"918\">dominer vos jeux et vivre une exp\u00e9rience gaming unique<\/strong>.<\/p>","protected":false},"excerpt":{"rendered":"<p data-start=\"166\" data-end=\"260\">Plongez dans l\u2019univers du gaming avec ce <strong data-start=\"207\" data-end=\"223\">pack complet<\/strong>, pens\u00e9 pour les joueurs exigeants.<\/p>\n<ul data-start=\"261\" data-end=\"726\">\n<li data-start=\"261\" data-end=\"403\">\n<p data-start=\"263\" data-end=\"403\"><strong data-start=\"263\" data-end=\"281\">Clavier Gaming<\/strong> : r\u00e9tro\u00e9clair\u00e9 RGB, touches r\u00e9actives et anti-ghosting pour un contr\u00f4le pr\u00e9cis et rapide lors de vos sessions intenses.<\/p>\n<\/li>\n<li data-start=\"404\" data-end=\"545\">\n<p data-start=\"406\" data-end=\"545\"><strong data-start=\"406\" data-end=\"423\">Souris Gaming<\/strong> : capteur haute pr\u00e9cision, ergonomique, avec boutons programmables pour un confort optimal et des performances accrues.<\/p>\n<\/li>\n<li data-start=\"546\" data-end=\"726\">\n<p data-start=\"548\" data-end=\"726\"><strong data-start=\"548\" data-end=\"565\">Casque Gaming<\/strong> : son st\u00e9r\u00e9o immersif ou surround, micro int\u00e9gr\u00e9 pour une communication claire avec vos co\u00e9quipiers, et coussinets confortables pour de longues heures de jeu.<\/p>\n<\/li>\n<\/ul>\n<p data-start=\"728\" data-end=\"921\">Ce trio garantit <strong data-start=\"745\" data-end=\"781\">r\u00e9activit\u00e9, confort et immersion<\/strong>, que vous soyez d\u00e9butant ou joueur confirm\u00e9. Profitez d\u2019un setup complet pour <strong data-start=\"860\" data-end=\"918\">dominer vos jeux et vivre une exp\u00e9rience gaming unique<\/strong>.<\/p>","protected":false},"featured_media":243,"comment_status":"open","ping_status":"closed","template":"","meta":{"_et_pb_use_builder":"","_et_pb_old_content":"","_et_gb_content_width":""},"product_brand":[],"product_cat":[22],"product_tag":[],"class_list":{"0":"post-311","1":"product","2":"type-product","3":"status-publish","4":"has-post-thumbnail","6":"product_cat-materiel-informatique","8":"first","9":"instock","10":"taxable","11":"shipping-taxable","12":"purchasable","13":"product-type-simple"},"yoast_head":"<!-- This site is optimized with the Yoast SEO plugin v27.4 - https:\/\/yoast.com\/product\/yoast-seo-wordpress\/ -->\n<title>Clavier + Souris + casque Gaming - business-god.com<\/title>\n<meta name=\"description\" content=\"Plongez dans l\u2019univers du gaming avec ce pack complet, pens\u00e9 pour les joueurs exigeants.Clavier Gaming : r\u00e9tro\u00e9clair\u00e9 RGB, touches r\u00e9actives et anti-ghosting pour un contr\u00f4le pr\u00e9cis et rapide lors de vos sessions intenses.Souris Gaming : capteur haute pr\u00e9cision, ergonomique, avec boutons programmables pour un confort optimal et des performances accrues.Casque Gaming : son st\u00e9r\u00e9o immersif ou surround, micro int\u00e9gr\u00e9 pour une communication claire avec vos co\u00e9quipiers, et coussinets confortables pour de longues heures de jeu.Ce trio garantit r\u00e9activit\u00e9, confort et immersion, que vous soyez d\u00e9butant ou joueur confirm\u00e9. Profitez d\u2019un setup complet pour dominer vos jeux et vivre une exp\u00e9rience gaming unique.\" \/>\n<meta name=\"robots\" content=\"index, follow, max-snippet:-1, max-image-preview:large, max-video-preview:-1\" \/>\n<link rel=\"canonical\" href=\"https:\/\/business-god.com\/en\/boutique\/clavier-souris-casque-gaming\/\" \/>\n<meta property=\"og:locale\" content=\"en_US\" \/>\n<meta property=\"og:type\" content=\"article\" \/>\n<meta property=\"og:title\" content=\"Clavier + Souris + casque Gaming - business-god.com\" \/>\n<meta property=\"og:description\" content=\"Plongez dans l\u2019univers du gaming avec ce pack complet, pens\u00e9 pour les joueurs exigeants.Clavier Gaming : r\u00e9tro\u00e9clair\u00e9 RGB, touches r\u00e9actives et anti-ghosting pour un contr\u00f4le pr\u00e9cis et rapide lors de vos sessions intenses.Souris Gaming : capteur haute pr\u00e9cision, ergonomique, avec boutons programmables pour un confort optimal et des performances accrues.Casque Gaming : son st\u00e9r\u00e9o immersif ou surround, micro int\u00e9gr\u00e9 pour une communication claire avec vos co\u00e9quipiers, et coussinets confortables pour de longues heures de jeu.Ce trio garantit r\u00e9activit\u00e9, confort et immersion, que vous soyez d\u00e9butant ou joueur confirm\u00e9. Profitez d\u2019un setup complet pour dominer vos jeux et vivre une exp\u00e9rience gaming unique.\" \/>\n<meta property=\"og:url\" content=\"https:\/\/business-god.com\/en\/boutique\/clavier-souris-casque-gaming\/\" \/>\n<meta property=\"og:site_name\" content=\"business-god.com\" \/>\n<meta property=\"article:modified_time\" content=\"2025-11-05T09:51:36+00:00\" \/>\n<meta property=\"og:image\" content=\"https:\/\/business-god.com\/wp-content\/uploads\/2025\/10\/WhatsApp-Image-2025-10-28-a-14.53.10_7c7d00fd.jpg\" \/>\n\t<meta property=\"og:image:width\" content=\"1008\" \/>\n\t<meta property=\"og:image:height\" content=\"987\" \/>\n\t<meta property=\"og:image:type\" content=\"image\/jpeg\" \/>\n<meta name=\"twitter:card\" content=\"summary_large_image\" \/>\n<meta name=\"twitter:label1\" content=\"Est. reading time\" \/>\n\t<meta name=\"twitter:data1\" content=\"1 minute\" \/>\n<script type=\"application\/ld+json\" class=\"yoast-schema-graph\">{\"@context\":\"https:\\\/\\\/schema.org\",\"@graph\":[{\"@type\":\"WebPage\",\"@id\":\"https:\\\/\\\/business-god.com\\\/boutique\\\/clavier-souris-casque-gaming\\\/\",\"url\":\"https:\\\/\\\/business-god.com\\\/boutique\\\/clavier-souris-casque-gaming\\\/\",\"name\":\"Clavier + Souris + casque Gaming - business-god.com\",\"isPartOf\":{\"@id\":\"https:\\\/\\\/business-god.com\\\/#website\"},\"primaryImageOfPage\":{\"@id\":\"https:\\\/\\\/business-god.com\\\/boutique\\\/clavier-souris-casque-gaming\\\/#primaryimage\"},\"image\":{\"@id\":\"https:\\\/\\\/business-god.com\\\/boutique\\\/clavier-souris-casque-gaming\\\/#primaryimage\"},\"thumbnailUrl\":\"https:\\\/\\\/business-god.com\\\/wp-content\\\/uploads\\\/2025\\\/10\\\/WhatsApp-Image-2025-10-28-a-14.53.10_7c7d00fd.jpg\",\"datePublished\":\"2025-10-29T12:49:12+00:00\",\"dateModified\":\"2025-11-05T09:51:36+00:00\",\"description\":\"Plongez dans l\u2019univers du gaming avec ce pack complet, pens\u00e9 pour les joueurs exigeants.Clavier Gaming : r\u00e9tro\u00e9clair\u00e9 RGB, touches r\u00e9actives et anti-ghosting pour un contr\u00f4le pr\u00e9cis et rapide lors de vos sessions intenses.Souris Gaming : capteur haute pr\u00e9cision, ergonomique, avec boutons programmables pour un confort optimal et des performances accrues.Casque Gaming : son st\u00e9r\u00e9o immersif ou surround, micro int\u00e9gr\u00e9 pour une communication claire avec vos co\u00e9quipiers, et coussinets confortables pour de longues heures de jeu.Ce trio garantit r\u00e9activit\u00e9, confort et immersion, que vous soyez d\u00e9butant ou joueur confirm\u00e9. Profitez d\u2019un setup complet pour dominer vos jeux et vivre une exp\u00e9rience gaming unique.\",\"breadcrumb\":{\"@id\":\"https:\\\/\\\/business-god.com\\\/boutique\\\/clavier-souris-casque-gaming\\\/#breadcrumb\"},\"inLanguage\":\"en-US\",\"potentialAction\":[{\"@type\":\"ReadAction\",\"target\":[\"https:\\\/\\\/business-god.com\\\/boutique\\\/clavier-souris-casque-gaming\\\/\"]}]},{\"@type\":\"ImageObject\",\"inLanguage\":\"en-US\",\"@id\":\"https:\\\/\\\/business-god.com\\\/boutique\\\/clavier-souris-casque-gaming\\\/#primaryimage\",\"url\":\"https:\\\/\\\/business-god.com\\\/wp-content\\\/uploads\\\/2025\\\/10\\\/WhatsApp-Image-2025-10-28-a-14.53.10_7c7d00fd.jpg\",\"contentUrl\":\"https:\\\/\\\/business-god.com\\\/wp-content\\\/uploads\\\/2025\\\/10\\\/WhatsApp-Image-2025-10-28-a-14.53.10_7c7d00fd.jpg\",\"width\":1008,\"height\":987},{\"@type\":\"BreadcrumbList\",\"@id\":\"https:\\\/\\\/business-god.com\\\/boutique\\\/clavier-souris-casque-gaming\\\/#breadcrumb\",\"itemListElement\":[{\"@type\":\"ListItem\",\"position\":1,\"name\":\"Home\",\"item\":\"https:\\\/\\\/business-god.com\\\/\"},{\"@type\":\"ListItem\",\"position\":2,\"name\":\"Boutique\",\"item\":\"https:\\\/\\\/business-god.com\\\/boutique\\\/\"},{\"@type\":\"ListItem\",\"position\":3,\"name\":\"Clavier + Souris + casque Gaming\"}]},{\"@type\":\"WebSite\",\"@id\":\"https:\\\/\\\/business-god.com\\\/#website\",\"url\":\"https:\\\/\\\/business-god.com\\\/\",\"name\":\"business-god.com\",\"description\":\"L\u2019excellence au service du digital et de la performance\",\"potentialAction\":[{\"@type\":\"SearchAction\",\"target\":{\"@type\":\"EntryPoint\",\"urlTemplate\":\"https:\\\/\\\/business-god.com\\\/?s={search_term_string}\"},\"query-input\":{\"@type\":\"PropertyValueSpecification\",\"valueRequired\":true,\"valueName\":\"search_term_string\"}}],\"inLanguage\":\"en-US\"}]}<\/script>\n<!-- \/ Yoast SEO plugin. -->","yoast_head_json":{"title":"Clavier + Souris + casque Gaming - business-god.com","description":"Plongez dans l\u2019univers du gaming avec ce pack complet, pens\u00e9 pour les joueurs exigeants.Clavier Gaming : r\u00e9tro\u00e9clair\u00e9 RGB, touches r\u00e9actives et anti-ghosting pour un contr\u00f4le pr\u00e9cis et rapide lors de vos sessions intenses.Souris Gaming : capteur haute pr\u00e9cision, ergonomique, avec boutons programmables pour un confort optimal et des performances accrues.Casque Gaming : son st\u00e9r\u00e9o immersif ou surround, micro int\u00e9gr\u00e9 pour une communication claire avec vos co\u00e9quipiers, et coussinets confortables pour de longues heures de jeu.Ce trio garantit r\u00e9activit\u00e9, confort et immersion, que vous soyez d\u00e9butant ou joueur confirm\u00e9. Profitez d\u2019un setup complet pour dominer vos jeux et vivre une exp\u00e9rience gaming unique.","robots":{"index":"index","follow":"follow","max-snippet":"max-snippet:-1","max-image-preview":"max-image-preview:large","max-video-preview":"max-video-preview:-1"},"canonical":"https:\/\/business-god.com\/en\/boutique\/clavier-souris-casque-gaming\/","og_locale":"en_US","og_type":"article","og_title":"Clavier + Souris + casque Gaming - business-god.com","og_description":"Plongez dans l\u2019univers du gaming avec ce pack complet, pens\u00e9 pour les joueurs exigeants.Clavier Gaming : r\u00e9tro\u00e9clair\u00e9 RGB, touches r\u00e9actives et anti-ghosting pour un contr\u00f4le pr\u00e9cis et rapide lors de vos sessions intenses.Souris Gaming : capteur haute pr\u00e9cision, ergonomique, avec boutons programmables pour un confort optimal et des performances accrues.Casque Gaming : son st\u00e9r\u00e9o immersif ou surround, micro int\u00e9gr\u00e9 pour une communication claire avec vos co\u00e9quipiers, et coussinets confortables pour de longues heures de jeu.Ce trio garantit r\u00e9activit\u00e9, confort et immersion, que vous soyez d\u00e9butant ou joueur confirm\u00e9. Profitez d\u2019un setup complet pour dominer vos jeux et vivre une exp\u00e9rience gaming unique.","og_url":"https:\/\/business-god.com\/en\/boutique\/clavier-souris-casque-gaming\/","og_site_name":"business-god.com","article_modified_time":"2025-11-05T09:51:36+00:00","og_image":[{"width":1008,"height":987,"url":"https:\/\/business-god.com\/wp-content\/uploads\/2025\/10\/WhatsApp-Image-2025-10-28-a-14.53.10_7c7d00fd.jpg","type":"image\/jpeg"}],"twitter_card":"summary_large_image","twitter_misc":{"Est. reading time":"1 minute"},"schema":{"@context":"https:\/\/schema.org","@graph":[{"@type":"WebPage","@id":"https:\/\/business-god.com\/boutique\/clavier-souris-casque-gaming\/","url":"https:\/\/business-god.com\/boutique\/clavier-souris-casque-gaming\/","name":"Clavier + Souris + casque Gaming - business-god.com","isPartOf":{"@id":"https:\/\/business-god.com\/#website"},"primaryImageOfPage":{"@id":"https:\/\/business-god.com\/boutique\/clavier-souris-casque-gaming\/#primaryimage"},"image":{"@id":"https:\/\/business-god.com\/boutique\/clavier-souris-casque-gaming\/#primaryimage"},"thumbnailUrl":"https:\/\/business-god.com\/wp-content\/uploads\/2025\/10\/WhatsApp-Image-2025-10-28-a-14.53.10_7c7d00fd.jpg","datePublished":"2025-10-29T12:49:12+00:00","dateModified":"2025-11-05T09:51:36+00:00","description":"Plongez dans l\u2019univers du gaming avec ce pack complet, pens\u00e9 pour les joueurs exigeants.Clavier Gaming : r\u00e9tro\u00e9clair\u00e9 RGB, touches r\u00e9actives et anti-ghosting pour un contr\u00f4le pr\u00e9cis et rapide lors de vos sessions intenses.Souris Gaming : capteur haute pr\u00e9cision, ergonomique, avec boutons programmables pour un confort optimal et des performances accrues.Casque Gaming : son st\u00e9r\u00e9o immersif ou surround, micro int\u00e9gr\u00e9 pour une communication claire avec vos co\u00e9quipiers, et coussinets confortables pour de longues heures de jeu.Ce trio garantit r\u00e9activit\u00e9, confort et immersion, que vous soyez d\u00e9butant ou joueur confirm\u00e9. Profitez d\u2019un setup complet pour dominer vos jeux et vivre une exp\u00e9rience gaming unique.","breadcrumb":{"@id":"https:\/\/business-god.com\/boutique\/clavier-souris-casque-gaming\/#breadcrumb"},"inLanguage":"en-US","potentialAction":[{"@type":"ReadAction","target":["https:\/\/business-god.com\/boutique\/clavier-souris-casque-gaming\/"]}]},{"@type":"ImageObject","inLanguage":"en-US","@id":"https:\/\/business-god.com\/boutique\/clavier-souris-casque-gaming\/#primaryimage","url":"https:\/\/business-god.com\/wp-content\/uploads\/2025\/10\/WhatsApp-Image-2025-10-28-a-14.53.10_7c7d00fd.jpg","contentUrl":"https:\/\/business-god.com\/wp-content\/uploads\/2025\/10\/WhatsApp-Image-2025-10-28-a-14.53.10_7c7d00fd.jpg","width":1008,"height":987},{"@type":"BreadcrumbList","@id":"https:\/\/business-god.com\/boutique\/clavier-souris-casque-gaming\/#breadcrumb","itemListElement":[{"@type":"ListItem","position":1,"name":"Home","item":"https:\/\/business-god.com\/"},{"@type":"ListItem","position":2,"name":"Boutique","item":"https:\/\/business-god.com\/boutique\/"},{"@type":"ListItem","position":3,"name":"Clavier + Souris + casque Gaming"}]},{"@type":"WebSite","@id":"https:\/\/business-god.com\/#website","url":"https:\/\/business-god.com\/","name":"business-god.com","description":"L\u2019excellence au service du digital et de la performance","potentialAction":[{"@type":"SearchAction","target":{"@type":"EntryPoint","urlTemplate":"https:\/\/business-god.com\/?s={search_term_string}"},"query-input":{"@type":"PropertyValueSpecification","valueRequired":true,"valueName":"search_term_string"}}],"inLanguage":"en-US"}]}},"jetpack_sharing_enabled":true,"_links":{"self":[{"href":"https:\/\/business-god.com\/en\/wp-json\/wp\/v2\/product\/311","targetHints":{"allow":["GET"]}}],"collection":[{"href":"https:\/\/business-god.com\/en\/wp-json\/wp\/v2\/product"}],"about":[{"href":"https:\/\/business-god.com\/en\/wp-json\/wp\/v2\/types\/product"}],"replies":[{"embeddable":true,"href":"https:\/\/business-god.com\/en\/wp-json\/wp\/v2\/comments?post=311"}],"wp:featuredmedia":[{"embeddable":true,"href":"https:\/\/business-god.com\/en\/wp-json\/wp\/v2\/media\/243"}],"wp:attachment":[{"href":"https:\/\/business-god.com\/en\/wp-json\/wp\/v2\/media?parent=311"}],"wp:term":[{"taxonomy":"product_brand","embeddable":true,"href":"https:\/\/business-god.com\/en\/wp-json\/wp\/v2\/product_brand?post=311"},{"taxonomy":"product_cat","embeddable":true,"href":"https:\/\/business-god.com\/en\/wp-json\/wp\/v2\/product_cat?post=311"},{"taxonomy":"product_tag","embeddable":true,"href":"https:\/\/business-god.com\/en\/wp-json\/wp\/v2\/product_tag?post=311"}],"curies":[{"name":"wp","href":"https:\/\/api.w.org\/{rel}","templated":true}]}}