{"id":308,"date":"2025-10-29T13:37:40","date_gmt":"2025-10-29T12:37:40","guid":{"rendered":"https:\/\/business-god.com\/?post_type=product&#038;p=308"},"modified":"2025-10-29T18:05:16","modified_gmt":"2025-10-29T17:05:16","slug":"drone","status":"publish","type":"product","link":"https:\/\/business-god.com\/en\/boutique\/drone\/","title":{"rendered":"Drone"},"content":{"rendered":"<p data-start=\"182\" data-end=\"561\">Explorez le ciel avec un <strong data-start=\"207\" data-end=\"224\">drone moderne<\/strong>, con\u00e7u pour offrir <strong data-start=\"244\" data-end=\"307\">performance, stabilit\u00e9 et capture d\u2019images de haute qualit\u00e9<\/strong>. \u00c9quip\u00e9 de <strong data-start=\"319\" data-end=\"339\">capteurs avanc\u00e9s<\/strong>, d\u2019un <strong data-start=\"346\" data-end=\"374\">syst\u00e8me de stabilisation<\/strong> et d\u2019une <strong data-start=\"384\" data-end=\"411\">cam\u00e9ra haute r\u00e9solution<\/strong>, il permet de r\u00e9aliser des <strong data-start=\"439\" data-end=\"487\">photos et vid\u00e9os a\u00e9riennes nettes et fluides<\/strong>, id\u00e9ales pour la photographie, le cin\u00e9ma ou les inspections techniques.<\/p>\n<p data-start=\"563\" data-end=\"777\">Gr\u00e2ce \u00e0 sa <strong data-start=\"574\" data-end=\"618\">connectivit\u00e9 sans fil et son GPS int\u00e9gr\u00e9<\/strong>, le drone peut \u00eatre contr\u00f4l\u00e9 \u00e0 distance avec pr\u00e9cision, suivre des trajectoires programm\u00e9es ou rester stable automatiquement en cas de vent ou de mouvement.<\/p>\n<p data-start=\"779\" data-end=\"861\">Les drones r\u00e9cents sont \u00e9galement dot\u00e9s de fonctionnalit\u00e9s avanc\u00e9es telles que :<\/p>\n<ul data-start=\"862\" data-end=\"1126\">\n<li data-start=\"862\" data-end=\"910\">\n<p data-start=\"864\" data-end=\"910\"><strong data-start=\"864\" data-end=\"891\">Mode retour automatique<\/strong> pour la s\u00e9curit\u00e9<\/p>\n<\/li>\n<li data-start=\"911\" data-end=\"947\">\n<p data-start=\"913\" data-end=\"947\"><strong data-start=\"913\" data-end=\"945\">Suivi intelligent des sujets<\/strong><\/p>\n<\/li>\n<li data-start=\"948\" data-end=\"977\">\n<p data-start=\"950\" data-end=\"977\"><strong data-start=\"950\" data-end=\"975\">D\u00e9tection d\u2019obstacles<\/strong><\/p>\n<\/li>\n<li data-start=\"978\" data-end=\"1036\">\n<p data-start=\"980\" data-end=\"1036\"><strong data-start=\"980\" data-end=\"1005\">Temps de vol prolong\u00e9<\/strong> avec batterie haute capacit\u00e9<\/p>\n<\/li>\n<li data-start=\"1037\" data-end=\"1126\">\n<p data-start=\"1039\" data-end=\"1126\"><strong data-start=\"1039\" data-end=\"1082\">Compatibilit\u00e9 avec applications mobiles<\/strong> pour un pilotage et un partage simplifi\u00e9s<\/p>\n<\/li>\n<\/ul>\n<p data-start=\"1128\" data-end=\"1317\">Que ce soit pour <strong data-start=\"1145\" data-end=\"1208\">loisir, photographie professionnelle ou missions techniques<\/strong>, un drone offre <strong data-start=\"1225\" data-end=\"1262\">libert\u00e9, innovation et cr\u00e9ativit\u00e9<\/strong>, transformant votre vision du monde depuis les airs.<\/p>","protected":false},"excerpt":{"rendered":"<p>Explorez le ciel avec un <strong data-start=\"207\" data-end=\"224\">drone moderne<\/strong>, con\u00e7u pour offrir <strong data-start=\"244\" data-end=\"307\">performance, stabilit\u00e9 et capture d\u2019images de haute qualit\u00e9<\/strong>. \u00c9quip\u00e9 de <strong data-start=\"319\" data-end=\"339\">capteurs avanc\u00e9s<\/strong>, d\u2019un <strong data-start=\"346\" data-end=\"374\">syst\u00e8me de stabilisation<\/strong> et d\u2019une <strong data-start=\"384\" data-end=\"411\">cam\u00e9ra haute r\u00e9solution<\/strong>, il permet de r\u00e9aliser des <strong data-start=\"439\" data-end=\"487\">photos et vid\u00e9os a\u00e9riennes nettes et fluides<\/strong>, id\u00e9ales pour la photographie, le cin\u00e9ma ou les inspections techniques.<\/p>","protected":false},"featured_media":312,"comment_status":"open","ping_status":"closed","template":"","meta":{"_et_pb_use_builder":"","_et_pb_old_content":"","_et_gb_content_width":""},"product_brand":[],"product_cat":[22],"product_tag":[],"class_list":{"0":"post-308","1":"product","2":"type-product","3":"status-publish","4":"has-post-thumbnail","6":"product_cat-materiel-informatique","8":"first","9":"instock","10":"taxable","11":"shipping-taxable","12":"purchasable","13":"product-type-simple"},"yoast_head":"<!-- This site is optimized with the Yoast SEO plugin v27.4 - https:\/\/yoast.com\/product\/yoast-seo-wordpress\/ -->\n<title>Drone - business-god.com<\/title>\n<meta name=\"description\" content=\"Explorez le ciel avec un drone moderne, con\u00e7u pour offrir performance, stabilit\u00e9 et capture d\u2019images de haute qualit\u00e9. \u00c9quip\u00e9 de capteurs avanc\u00e9s, d\u2019un syst\u00e8me de stabilisation et d\u2019une cam\u00e9ra haute r\u00e9solution, il permet de r\u00e9aliser des photos et vid\u00e9os a\u00e9riennes nettes et fluides, id\u00e9ales pour la photographie, le cin\u00e9ma ou les inspections techniques.\" \/>\n<meta name=\"robots\" content=\"index, follow, max-snippet:-1, max-image-preview:large, max-video-preview:-1\" \/>\n<link rel=\"canonical\" href=\"https:\/\/business-god.com\/en\/boutique\/drone\/\" \/>\n<meta property=\"og:locale\" content=\"en_US\" \/>\n<meta property=\"og:type\" content=\"article\" \/>\n<meta property=\"og:title\" content=\"Drone - business-god.com\" \/>\n<meta property=\"og:description\" content=\"Explorez le ciel avec un drone moderne, con\u00e7u pour offrir performance, stabilit\u00e9 et capture d\u2019images de haute qualit\u00e9. \u00c9quip\u00e9 de capteurs avanc\u00e9s, d\u2019un syst\u00e8me de stabilisation et d\u2019une cam\u00e9ra haute r\u00e9solution, il permet de r\u00e9aliser des photos et vid\u00e9os a\u00e9riennes nettes et fluides, id\u00e9ales pour la photographie, le cin\u00e9ma ou les inspections techniques.\" \/>\n<meta property=\"og:url\" content=\"https:\/\/business-god.com\/en\/boutique\/drone\/\" \/>\n<meta property=\"og:site_name\" content=\"business-god.com\" \/>\n<meta property=\"article:modified_time\" content=\"2025-10-29T17:05:16+00:00\" \/>\n<meta property=\"og:image\" content=\"https:\/\/business-god.com\/wp-content\/uploads\/2025\/10\/Drone.jpg\" \/>\n\t<meta property=\"og:image:width\" content=\"1080\" \/>\n\t<meta property=\"og:image:height\" content=\"1080\" \/>\n\t<meta property=\"og:image:type\" content=\"image\/jpeg\" \/>\n<meta name=\"twitter:card\" content=\"summary_large_image\" \/>\n<meta name=\"twitter:label1\" content=\"Est. reading time\" \/>\n\t<meta name=\"twitter:data1\" content=\"1 minute\" \/>\n<script type=\"application\/ld+json\" class=\"yoast-schema-graph\">{\"@context\":\"https:\\\/\\\/schema.org\",\"@graph\":[{\"@type\":\"WebPage\",\"@id\":\"https:\\\/\\\/business-god.com\\\/boutique\\\/drone\\\/\",\"url\":\"https:\\\/\\\/business-god.com\\\/boutique\\\/drone\\\/\",\"name\":\"Drone - business-god.com\",\"isPartOf\":{\"@id\":\"https:\\\/\\\/business-god.com\\\/#website\"},\"primaryImageOfPage\":{\"@id\":\"https:\\\/\\\/business-god.com\\\/boutique\\\/drone\\\/#primaryimage\"},\"image\":{\"@id\":\"https:\\\/\\\/business-god.com\\\/boutique\\\/drone\\\/#primaryimage\"},\"thumbnailUrl\":\"https:\\\/\\\/business-god.com\\\/wp-content\\\/uploads\\\/2025\\\/10\\\/Drone.jpg\",\"datePublished\":\"2025-10-29T12:37:40+00:00\",\"dateModified\":\"2025-10-29T17:05:16+00:00\",\"description\":\"Explorez le ciel avec un drone moderne, con\u00e7u pour offrir performance, stabilit\u00e9 et capture d\u2019images de haute qualit\u00e9. \u00c9quip\u00e9 de capteurs avanc\u00e9s, d\u2019un syst\u00e8me de stabilisation et d\u2019une cam\u00e9ra haute r\u00e9solution, il permet de r\u00e9aliser des photos et vid\u00e9os a\u00e9riennes nettes et fluides, id\u00e9ales pour la photographie, le cin\u00e9ma ou les inspections techniques.\",\"breadcrumb\":{\"@id\":\"https:\\\/\\\/business-god.com\\\/boutique\\\/drone\\\/#breadcrumb\"},\"inLanguage\":\"en-US\",\"potentialAction\":[{\"@type\":\"ReadAction\",\"target\":[\"https:\\\/\\\/business-god.com\\\/boutique\\\/drone\\\/\"]}]},{\"@type\":\"ImageObject\",\"inLanguage\":\"en-US\",\"@id\":\"https:\\\/\\\/business-god.com\\\/boutique\\\/drone\\\/#primaryimage\",\"url\":\"https:\\\/\\\/business-god.com\\\/wp-content\\\/uploads\\\/2025\\\/10\\\/Drone.jpg\",\"contentUrl\":\"https:\\\/\\\/business-god.com\\\/wp-content\\\/uploads\\\/2025\\\/10\\\/Drone.jpg\",\"width\":1080,\"height\":1080},{\"@type\":\"BreadcrumbList\",\"@id\":\"https:\\\/\\\/business-god.com\\\/boutique\\\/drone\\\/#breadcrumb\",\"itemListElement\":[{\"@type\":\"ListItem\",\"position\":1,\"name\":\"Home\",\"item\":\"https:\\\/\\\/business-god.com\\\/\"},{\"@type\":\"ListItem\",\"position\":2,\"name\":\"Boutique\",\"item\":\"https:\\\/\\\/business-god.com\\\/boutique\\\/\"},{\"@type\":\"ListItem\",\"position\":3,\"name\":\"Drone\"}]},{\"@type\":\"WebSite\",\"@id\":\"https:\\\/\\\/business-god.com\\\/#website\",\"url\":\"https:\\\/\\\/business-god.com\\\/\",\"name\":\"business-god.com\",\"description\":\"L\u2019excellence au service du digital et de la performance\",\"potentialAction\":[{\"@type\":\"SearchAction\",\"target\":{\"@type\":\"EntryPoint\",\"urlTemplate\":\"https:\\\/\\\/business-god.com\\\/?s={search_term_string}\"},\"query-input\":{\"@type\":\"PropertyValueSpecification\",\"valueRequired\":true,\"valueName\":\"search_term_string\"}}],\"inLanguage\":\"en-US\"}]}<\/script>\n<!-- \/ Yoast SEO plugin. -->","yoast_head_json":{"title":"Drone - business-god.com","description":"Explorez le ciel avec un drone moderne, con\u00e7u pour offrir performance, stabilit\u00e9 et capture d\u2019images de haute qualit\u00e9. \u00c9quip\u00e9 de capteurs avanc\u00e9s, d\u2019un syst\u00e8me de stabilisation et d\u2019une cam\u00e9ra haute r\u00e9solution, il permet de r\u00e9aliser des photos et vid\u00e9os a\u00e9riennes nettes et fluides, id\u00e9ales pour la photographie, le cin\u00e9ma ou les inspections techniques.","robots":{"index":"index","follow":"follow","max-snippet":"max-snippet:-1","max-image-preview":"max-image-preview:large","max-video-preview":"max-video-preview:-1"},"canonical":"https:\/\/business-god.com\/en\/boutique\/drone\/","og_locale":"en_US","og_type":"article","og_title":"Drone - business-god.com","og_description":"Explorez le ciel avec un drone moderne, con\u00e7u pour offrir performance, stabilit\u00e9 et capture d\u2019images de haute qualit\u00e9. \u00c9quip\u00e9 de capteurs avanc\u00e9s, d\u2019un syst\u00e8me de stabilisation et d\u2019une cam\u00e9ra haute r\u00e9solution, il permet de r\u00e9aliser des photos et vid\u00e9os a\u00e9riennes nettes et fluides, id\u00e9ales pour la photographie, le cin\u00e9ma ou les inspections techniques.","og_url":"https:\/\/business-god.com\/en\/boutique\/drone\/","og_site_name":"business-god.com","article_modified_time":"2025-10-29T17:05:16+00:00","og_image":[{"width":1080,"height":1080,"url":"https:\/\/business-god.com\/wp-content\/uploads\/2025\/10\/Drone.jpg","type":"image\/jpeg"}],"twitter_card":"summary_large_image","twitter_misc":{"Est. reading time":"1 minute"},"schema":{"@context":"https:\/\/schema.org","@graph":[{"@type":"WebPage","@id":"https:\/\/business-god.com\/boutique\/drone\/","url":"https:\/\/business-god.com\/boutique\/drone\/","name":"Drone - business-god.com","isPartOf":{"@id":"https:\/\/business-god.com\/#website"},"primaryImageOfPage":{"@id":"https:\/\/business-god.com\/boutique\/drone\/#primaryimage"},"image":{"@id":"https:\/\/business-god.com\/boutique\/drone\/#primaryimage"},"thumbnailUrl":"https:\/\/business-god.com\/wp-content\/uploads\/2025\/10\/Drone.jpg","datePublished":"2025-10-29T12:37:40+00:00","dateModified":"2025-10-29T17:05:16+00:00","description":"Explorez le ciel avec un drone moderne, con\u00e7u pour offrir performance, stabilit\u00e9 et capture d\u2019images de haute qualit\u00e9. \u00c9quip\u00e9 de capteurs avanc\u00e9s, d\u2019un syst\u00e8me de stabilisation et d\u2019une cam\u00e9ra haute r\u00e9solution, il permet de r\u00e9aliser des photos et vid\u00e9os a\u00e9riennes nettes et fluides, id\u00e9ales pour la photographie, le cin\u00e9ma ou les inspections techniques.","breadcrumb":{"@id":"https:\/\/business-god.com\/boutique\/drone\/#breadcrumb"},"inLanguage":"en-US","potentialAction":[{"@type":"ReadAction","target":["https:\/\/business-god.com\/boutique\/drone\/"]}]},{"@type":"ImageObject","inLanguage":"en-US","@id":"https:\/\/business-god.com\/boutique\/drone\/#primaryimage","url":"https:\/\/business-god.com\/wp-content\/uploads\/2025\/10\/Drone.jpg","contentUrl":"https:\/\/business-god.com\/wp-content\/uploads\/2025\/10\/Drone.jpg","width":1080,"height":1080},{"@type":"BreadcrumbList","@id":"https:\/\/business-god.com\/boutique\/drone\/#breadcrumb","itemListElement":[{"@type":"ListItem","position":1,"name":"Home","item":"https:\/\/business-god.com\/"},{"@type":"ListItem","position":2,"name":"Boutique","item":"https:\/\/business-god.com\/boutique\/"},{"@type":"ListItem","position":3,"name":"Drone"}]},{"@type":"WebSite","@id":"https:\/\/business-god.com\/#website","url":"https:\/\/business-god.com\/","name":"business-god.com","description":"L\u2019excellence au service du digital et de la performance","potentialAction":[{"@type":"SearchAction","target":{"@type":"EntryPoint","urlTemplate":"https:\/\/business-god.com\/?s={search_term_string}"},"query-input":{"@type":"PropertyValueSpecification","valueRequired":true,"valueName":"search_term_string"}}],"inLanguage":"en-US"}]}},"jetpack_sharing_enabled":true,"_links":{"self":[{"href":"https:\/\/business-god.com\/en\/wp-json\/wp\/v2\/product\/308","targetHints":{"allow":["GET"]}}],"collection":[{"href":"https:\/\/business-god.com\/en\/wp-json\/wp\/v2\/product"}],"about":[{"href":"https:\/\/business-god.com\/en\/wp-json\/wp\/v2\/types\/product"}],"replies":[{"embeddable":true,"href":"https:\/\/business-god.com\/en\/wp-json\/wp\/v2\/comments?post=308"}],"wp:featuredmedia":[{"embeddable":true,"href":"https:\/\/business-god.com\/en\/wp-json\/wp\/v2\/media\/312"}],"wp:attachment":[{"href":"https:\/\/business-god.com\/en\/wp-json\/wp\/v2\/media?parent=308"}],"wp:term":[{"taxonomy":"product_brand","embeddable":true,"href":"https:\/\/business-god.com\/en\/wp-json\/wp\/v2\/product_brand?post=308"},{"taxonomy":"product_cat","embeddable":true,"href":"https:\/\/business-god.com\/en\/wp-json\/wp\/v2\/product_cat?post=308"},{"taxonomy":"product_tag","embeddable":true,"href":"https:\/\/business-god.com\/en\/wp-json\/wp\/v2\/product_tag?post=308"}],"curies":[{"name":"wp","href":"https:\/\/api.w.org\/{rel}","templated":true}]}}