{"id":307,"date":"2025-10-29T13:21:55","date_gmt":"2025-10-29T12:21:55","guid":{"rendered":"https:\/\/business-god.com\/?post_type=product&#038;p=307"},"modified":"2025-11-05T10:52:50","modified_gmt":"2025-11-05T09:52:50","slug":"manette-xbox-360","status":"publish","type":"product","link":"https:\/\/business-god.com\/en\/boutique\/manette-xbox-360\/","title":{"rendered":"Manette Xbox 360"},"content":{"rendered":"<p data-start=\"149\" data-end=\"490\">Profitez d\u2019une <strong data-start=\"164\" data-end=\"195\">exp\u00e9rience de jeu immersive<\/strong> avec la manette <strong data-start=\"212\" data-end=\"224\">Xbox 360<\/strong>, con\u00e7ue pour offrir <strong data-start=\"245\" data-end=\"283\">pr\u00e9cision, r\u00e9activit\u00e9 et ergonomie<\/strong>. Compatible avec <strong data-start=\"301\" data-end=\"319\">Xbox 360 et PC<\/strong>, elle dispose de <strong data-start=\"337\" data-end=\"371\">boutons et g\u00e2chettes sensibles<\/strong>, d\u2019un <strong data-start=\"378\" data-end=\"410\">stick analogique confortable<\/strong> et d\u2019un <strong data-start=\"419\" data-end=\"436\">D-pad r\u00e9actif<\/strong>, permettant un contr\u00f4le optimal dans tous vos jeux.<\/p>\n<p data-start=\"492\" data-end=\"724\">Sa <strong data-start=\"495\" data-end=\"522\">prise en main naturelle<\/strong> et sa <strong data-start=\"529\" data-end=\"563\">qualit\u00e9 de fabrication durable<\/strong> assurent des heures de jeu sans fatigue. Id\u00e9ale pour les <strong data-start=\"621\" data-end=\"668\">joueurs occasionnels comme les comp\u00e9titeurs<\/strong>, elle reste un choix fiable pour tout type de gaming.<\/p>","protected":false},"excerpt":{"rendered":"<p>Profitez d\u2019une <strong data-start=\"164\" data-end=\"195\">exp\u00e9rience de jeu immersive<\/strong> avec la manette <strong data-start=\"212\" data-end=\"224\">Xbox 360<\/strong>, con\u00e7ue pour offrir <strong data-start=\"245\" data-end=\"283\">pr\u00e9cision, r\u00e9activit\u00e9 et ergonomie<\/strong>. Compatible avec <strong data-start=\"301\" data-end=\"319\">Xbox 360 et PC<\/strong>, elle dispose de <strong data-start=\"337\" data-end=\"371\">boutons et g\u00e2chettes sensibles<\/strong>, d\u2019un <strong data-start=\"378\" data-end=\"410\">stick analogique confortable<\/strong> et d\u2019un <strong data-start=\"419\" data-end=\"436\">D-pad r\u00e9actif<\/strong>, permettant un contr\u00f4le optimal dans tous vos jeux.<\/p>","protected":false},"featured_media":248,"comment_status":"open","ping_status":"closed","template":"","meta":{"_et_pb_use_builder":"","_et_pb_old_content":"","_et_gb_content_width":""},"product_brand":[30],"product_cat":[22],"product_tag":[],"class_list":{"0":"post-307","1":"product","2":"type-product","3":"status-publish","4":"has-post-thumbnail","6":"product_brand-xbox","7":"product_cat-materiel-informatique","9":"first","10":"instock","11":"taxable","12":"shipping-taxable","13":"purchasable","14":"product-type-simple"},"yoast_head":"<!-- This site is optimized with the Yoast SEO plugin v27.4 - https:\/\/yoast.com\/product\/yoast-seo-wordpress\/ -->\n<title>Manette Xbox 360 - business-god.com<\/title>\n<meta name=\"description\" content=\"Profitez d\u2019une exp\u00e9rience de jeu immersive avec la manette Xbox 360, con\u00e7ue pour offrir pr\u00e9cision, r\u00e9activit\u00e9 et ergonomie. Compatible avec Xbox 360 et PC, elle dispose de boutons et g\u00e2chettes sensibles, d\u2019un stick analogique confortable et d\u2019un D-pad r\u00e9actif, permettant un contr\u00f4le optimal dans tous vos jeux.\" \/>\n<meta name=\"robots\" content=\"index, follow, max-snippet:-1, max-image-preview:large, max-video-preview:-1\" \/>\n<link rel=\"canonical\" href=\"https:\/\/business-god.com\/en\/boutique\/manette-xbox-360\/\" \/>\n<meta property=\"og:locale\" content=\"en_US\" \/>\n<meta property=\"og:type\" content=\"article\" \/>\n<meta property=\"og:title\" content=\"Manette Xbox 360 - business-god.com\" \/>\n<meta property=\"og:description\" content=\"Profitez d\u2019une exp\u00e9rience de jeu immersive avec la manette Xbox 360, con\u00e7ue pour offrir pr\u00e9cision, r\u00e9activit\u00e9 et ergonomie. Compatible avec Xbox 360 et PC, elle dispose de boutons et g\u00e2chettes sensibles, d\u2019un stick analogique confortable et d\u2019un D-pad r\u00e9actif, permettant un contr\u00f4le optimal dans tous vos jeux.\" \/>\n<meta property=\"og:url\" content=\"https:\/\/business-god.com\/en\/boutique\/manette-xbox-360\/\" \/>\n<meta property=\"og:site_name\" content=\"business-god.com\" \/>\n<meta property=\"article:modified_time\" content=\"2025-11-05T09:52:50+00:00\" \/>\n<meta property=\"og:image\" content=\"https:\/\/business-god.com\/wp-content\/uploads\/2025\/10\/WhatsApp-Image-2025-10-28-a-14.51.36_2a97bb09.jpg\" \/>\n\t<meta property=\"og:image:width\" content=\"1080\" \/>\n\t<meta property=\"og:image:height\" content=\"1075\" \/>\n\t<meta property=\"og:image:type\" content=\"image\/jpeg\" \/>\n<meta name=\"twitter:card\" content=\"summary_large_image\" \/>\n<meta name=\"twitter:label1\" content=\"Est. reading time\" \/>\n\t<meta name=\"twitter:data1\" content=\"1 minute\" \/>\n<script type=\"application\/ld+json\" class=\"yoast-schema-graph\">{\"@context\":\"https:\\\/\\\/schema.org\",\"@graph\":[{\"@type\":\"WebPage\",\"@id\":\"https:\\\/\\\/business-god.com\\\/boutique\\\/manette-xbox-360\\\/\",\"url\":\"https:\\\/\\\/business-god.com\\\/boutique\\\/manette-xbox-360\\\/\",\"name\":\"Manette Xbox 360 - business-god.com\",\"isPartOf\":{\"@id\":\"https:\\\/\\\/business-god.com\\\/#website\"},\"primaryImageOfPage\":{\"@id\":\"https:\\\/\\\/business-god.com\\\/boutique\\\/manette-xbox-360\\\/#primaryimage\"},\"image\":{\"@id\":\"https:\\\/\\\/business-god.com\\\/boutique\\\/manette-xbox-360\\\/#primaryimage\"},\"thumbnailUrl\":\"https:\\\/\\\/business-god.com\\\/wp-content\\\/uploads\\\/2025\\\/10\\\/WhatsApp-Image-2025-10-28-a-14.51.36_2a97bb09.jpg\",\"datePublished\":\"2025-10-29T12:21:55+00:00\",\"dateModified\":\"2025-11-05T09:52:50+00:00\",\"description\":\"Profitez d\u2019une exp\u00e9rience de jeu immersive avec la manette Xbox 360, con\u00e7ue pour offrir pr\u00e9cision, r\u00e9activit\u00e9 et ergonomie. Compatible avec Xbox 360 et PC, elle dispose de boutons et g\u00e2chettes sensibles, d\u2019un stick analogique confortable et d\u2019un D-pad r\u00e9actif, permettant un contr\u00f4le optimal dans tous vos jeux.\",\"breadcrumb\":{\"@id\":\"https:\\\/\\\/business-god.com\\\/boutique\\\/manette-xbox-360\\\/#breadcrumb\"},\"inLanguage\":\"en-US\",\"potentialAction\":[{\"@type\":\"ReadAction\",\"target\":[\"https:\\\/\\\/business-god.com\\\/boutique\\\/manette-xbox-360\\\/\"]}]},{\"@type\":\"ImageObject\",\"inLanguage\":\"en-US\",\"@id\":\"https:\\\/\\\/business-god.com\\\/boutique\\\/manette-xbox-360\\\/#primaryimage\",\"url\":\"https:\\\/\\\/business-god.com\\\/wp-content\\\/uploads\\\/2025\\\/10\\\/WhatsApp-Image-2025-10-28-a-14.51.36_2a97bb09.jpg\",\"contentUrl\":\"https:\\\/\\\/business-god.com\\\/wp-content\\\/uploads\\\/2025\\\/10\\\/WhatsApp-Image-2025-10-28-a-14.51.36_2a97bb09.jpg\",\"width\":1080,\"height\":1075},{\"@type\":\"BreadcrumbList\",\"@id\":\"https:\\\/\\\/business-god.com\\\/boutique\\\/manette-xbox-360\\\/#breadcrumb\",\"itemListElement\":[{\"@type\":\"ListItem\",\"position\":1,\"name\":\"Home\",\"item\":\"https:\\\/\\\/business-god.com\\\/\"},{\"@type\":\"ListItem\",\"position\":2,\"name\":\"Boutique\",\"item\":\"https:\\\/\\\/business-god.com\\\/boutique\\\/\"},{\"@type\":\"ListItem\",\"position\":3,\"name\":\"Manette Xbox 360\"}]},{\"@type\":\"WebSite\",\"@id\":\"https:\\\/\\\/business-god.com\\\/#website\",\"url\":\"https:\\\/\\\/business-god.com\\\/\",\"name\":\"business-god.com\",\"description\":\"L\u2019excellence au service du digital et de la performance\",\"potentialAction\":[{\"@type\":\"SearchAction\",\"target\":{\"@type\":\"EntryPoint\",\"urlTemplate\":\"https:\\\/\\\/business-god.com\\\/?s={search_term_string}\"},\"query-input\":{\"@type\":\"PropertyValueSpecification\",\"valueRequired\":true,\"valueName\":\"search_term_string\"}}],\"inLanguage\":\"en-US\"}]}<\/script>\n<!-- \/ Yoast SEO plugin. -->","yoast_head_json":{"title":"Manette Xbox 360 - business-god.com","description":"Profitez d\u2019une exp\u00e9rience de jeu immersive avec la manette Xbox 360, con\u00e7ue pour offrir pr\u00e9cision, r\u00e9activit\u00e9 et ergonomie. Compatible avec Xbox 360 et PC, elle dispose de boutons et g\u00e2chettes sensibles, d\u2019un stick analogique confortable et d\u2019un D-pad r\u00e9actif, permettant un contr\u00f4le optimal dans tous vos jeux.","robots":{"index":"index","follow":"follow","max-snippet":"max-snippet:-1","max-image-preview":"max-image-preview:large","max-video-preview":"max-video-preview:-1"},"canonical":"https:\/\/business-god.com\/en\/boutique\/manette-xbox-360\/","og_locale":"en_US","og_type":"article","og_title":"Manette Xbox 360 - business-god.com","og_description":"Profitez d\u2019une exp\u00e9rience de jeu immersive avec la manette Xbox 360, con\u00e7ue pour offrir pr\u00e9cision, r\u00e9activit\u00e9 et ergonomie. Compatible avec Xbox 360 et PC, elle dispose de boutons et g\u00e2chettes sensibles, d\u2019un stick analogique confortable et d\u2019un D-pad r\u00e9actif, permettant un contr\u00f4le optimal dans tous vos jeux.","og_url":"https:\/\/business-god.com\/en\/boutique\/manette-xbox-360\/","og_site_name":"business-god.com","article_modified_time":"2025-11-05T09:52:50+00:00","og_image":[{"width":1080,"height":1075,"url":"https:\/\/business-god.com\/wp-content\/uploads\/2025\/10\/WhatsApp-Image-2025-10-28-a-14.51.36_2a97bb09.jpg","type":"image\/jpeg"}],"twitter_card":"summary_large_image","twitter_misc":{"Est. reading time":"1 minute"},"schema":{"@context":"https:\/\/schema.org","@graph":[{"@type":"WebPage","@id":"https:\/\/business-god.com\/boutique\/manette-xbox-360\/","url":"https:\/\/business-god.com\/boutique\/manette-xbox-360\/","name":"Manette Xbox 360 - business-god.com","isPartOf":{"@id":"https:\/\/business-god.com\/#website"},"primaryImageOfPage":{"@id":"https:\/\/business-god.com\/boutique\/manette-xbox-360\/#primaryimage"},"image":{"@id":"https:\/\/business-god.com\/boutique\/manette-xbox-360\/#primaryimage"},"thumbnailUrl":"https:\/\/business-god.com\/wp-content\/uploads\/2025\/10\/WhatsApp-Image-2025-10-28-a-14.51.36_2a97bb09.jpg","datePublished":"2025-10-29T12:21:55+00:00","dateModified":"2025-11-05T09:52:50+00:00","description":"Profitez d\u2019une exp\u00e9rience de jeu immersive avec la manette Xbox 360, con\u00e7ue pour offrir pr\u00e9cision, r\u00e9activit\u00e9 et ergonomie. Compatible avec Xbox 360 et PC, elle dispose de boutons et g\u00e2chettes sensibles, d\u2019un stick analogique confortable et d\u2019un D-pad r\u00e9actif, permettant un contr\u00f4le optimal dans tous vos jeux.","breadcrumb":{"@id":"https:\/\/business-god.com\/boutique\/manette-xbox-360\/#breadcrumb"},"inLanguage":"en-US","potentialAction":[{"@type":"ReadAction","target":["https:\/\/business-god.com\/boutique\/manette-xbox-360\/"]}]},{"@type":"ImageObject","inLanguage":"en-US","@id":"https:\/\/business-god.com\/boutique\/manette-xbox-360\/#primaryimage","url":"https:\/\/business-god.com\/wp-content\/uploads\/2025\/10\/WhatsApp-Image-2025-10-28-a-14.51.36_2a97bb09.jpg","contentUrl":"https:\/\/business-god.com\/wp-content\/uploads\/2025\/10\/WhatsApp-Image-2025-10-28-a-14.51.36_2a97bb09.jpg","width":1080,"height":1075},{"@type":"BreadcrumbList","@id":"https:\/\/business-god.com\/boutique\/manette-xbox-360\/#breadcrumb","itemListElement":[{"@type":"ListItem","position":1,"name":"Home","item":"https:\/\/business-god.com\/"},{"@type":"ListItem","position":2,"name":"Boutique","item":"https:\/\/business-god.com\/boutique\/"},{"@type":"ListItem","position":3,"name":"Manette Xbox 360"}]},{"@type":"WebSite","@id":"https:\/\/business-god.com\/#website","url":"https:\/\/business-god.com\/","name":"business-god.com","description":"L\u2019excellence au service du digital et de la performance","potentialAction":[{"@type":"SearchAction","target":{"@type":"EntryPoint","urlTemplate":"https:\/\/business-god.com\/?s={search_term_string}"},"query-input":{"@type":"PropertyValueSpecification","valueRequired":true,"valueName":"search_term_string"}}],"inLanguage":"en-US"}]}},"jetpack_sharing_enabled":true,"_links":{"self":[{"href":"https:\/\/business-god.com\/en\/wp-json\/wp\/v2\/product\/307","targetHints":{"allow":["GET"]}}],"collection":[{"href":"https:\/\/business-god.com\/en\/wp-json\/wp\/v2\/product"}],"about":[{"href":"https:\/\/business-god.com\/en\/wp-json\/wp\/v2\/types\/product"}],"replies":[{"embeddable":true,"href":"https:\/\/business-god.com\/en\/wp-json\/wp\/v2\/comments?post=307"}],"wp:featuredmedia":[{"embeddable":true,"href":"https:\/\/business-god.com\/en\/wp-json\/wp\/v2\/media\/248"}],"wp:attachment":[{"href":"https:\/\/business-god.com\/en\/wp-json\/wp\/v2\/media?parent=307"}],"wp:term":[{"taxonomy":"product_brand","embeddable":true,"href":"https:\/\/business-god.com\/en\/wp-json\/wp\/v2\/product_brand?post=307"},{"taxonomy":"product_cat","embeddable":true,"href":"https:\/\/business-god.com\/en\/wp-json\/wp\/v2\/product_cat?post=307"},{"taxonomy":"product_tag","embeddable":true,"href":"https:\/\/business-god.com\/en\/wp-json\/wp\/v2\/product_tag?post=307"}],"curies":[{"name":"wp","href":"https:\/\/api.w.org\/{rel}","templated":true}]}}