{"id":302,"date":"2025-10-29T13:16:06","date_gmt":"2025-10-29T12:16:06","guid":{"rendered":"https:\/\/business-god.com\/?post_type=product&#038;p=302"},"modified":"2025-11-05T10:54:29","modified_gmt":"2025-11-05T09:54:29","slug":"dell-xps-15-9570","status":"publish","type":"product","link":"https:\/\/business-god.com\/en\/boutique\/dell-xps-15-9570\/","title":{"rendered":"Dell XPS 15 9570"},"content":{"rendered":"<p data-start=\"173\" data-end=\"480\">Le <strong data-start=\"176\" data-end=\"196\">Dell XPS 15 9570<\/strong> est un <strong data-start=\"204\" data-end=\"250\">ordinateur portable puissant et polyvalent<\/strong>, parfait pour le travail cr\u00e9atif et professionnel. \u00c9quip\u00e9 d\u2019un <strong data-start=\"314\" data-end=\"389\">processeur Intel Core i7 de 8\u1d49 g\u00e9n\u00e9ration (2.20 GHz, 12 c\u0153urs logiques)<\/strong>, il assure une <strong data-start=\"405\" data-end=\"427\">performance fluide<\/strong> pour le multit\u00e2che et les applications exigeantes.<\/p>\n<p data-start=\"482\" data-end=\"653\">Avec <strong data-start=\"487\" data-end=\"508\">32 Go de RAM DDR4<\/strong> et un <strong data-start=\"515\" data-end=\"536\">SSD M.2 de 512 Go<\/strong>, le syst\u00e8me d\u00e9marre et fonctionne rapidement, offrant une exp\u00e9rience utilisateur r\u00e9active et sans ralentissements.<\/p>\n<p data-start=\"655\" data-end=\"856\">Sa <strong data-start=\"658\" data-end=\"718\">carte graphique NVIDIA GeForce GTX 1050 Ti (4 Go d\u00e9di\u00e9s)<\/strong> permet des rendus graphiques pr\u00e9cis, id\u00e9al pour la <strong data-start=\"770\" data-end=\"853\">cr\u00e9ation de contenu, le montage vid\u00e9o et les t\u00e2ches professionnelles intensives<\/strong>.<\/p>\n<p data-start=\"858\" data-end=\"1069\">Le <strong data-start=\"861\" data-end=\"896\">grand \u00e9cran tactile 15,6 pouces<\/strong>, le <strong data-start=\"901\" data-end=\"926\">clavier r\u00e9tro-\u00e9clair\u00e9<\/strong> et l\u2019<strong data-start=\"932\" data-end=\"956\">autonomie excellente<\/strong> font de ce portable un outil performant et confortable, adapt\u00e9 aux professionnels en d\u00e9placement ou au bureau.<\/p>","protected":false},"excerpt":{"rendered":"<p data-start=\"173\" data-end=\"480\">Le <strong data-start=\"176\" data-end=\"196\">Dell XPS 15 9570<\/strong> est un <strong data-start=\"204\" data-end=\"250\">ordinateur portable puissant et polyvalent<\/strong>, parfait pour le travail cr\u00e9atif et professionnel. \u00c9quip\u00e9 d\u2019un <strong data-start=\"314\" data-end=\"389\">processeur Intel Core i7 de 8\u1d49 g\u00e9n\u00e9ration (2.20 GHz, 12 c\u0153urs logiques)<\/strong>, il assure une <strong data-start=\"405\" data-end=\"427\">performance fluide<\/strong> pour le multit\u00e2che et les applications exigeantes.<\/p>\n<p data-start=\"482\" data-end=\"653\">Avec <strong data-start=\"487\" data-end=\"508\">32 Go de RAM DDR4<\/strong> et un <strong data-start=\"515\" data-end=\"536\">SSD M.2 de 512 Go<\/strong>, le syst\u00e8me d\u00e9marre et fonctionne rapidement, offrant une exp\u00e9rience utilisateur r\u00e9active et sans ralentissements.<\/p>","protected":false},"featured_media":303,"comment_status":"open","ping_status":"closed","template":"","meta":{"_et_pb_use_builder":"","_et_pb_old_content":"","_et_gb_content_width":""},"product_brand":[26],"product_cat":[20],"product_tag":[29],"class_list":{"0":"post-302","1":"product","2":"type-product","3":"status-publish","4":"has-post-thumbnail","6":"product_brand-dell","7":"product_cat-laptop","8":"product_tag-dell","10":"first","11":"instock","12":"sale","13":"taxable","14":"shipping-taxable","15":"purchasable","16":"product-type-simple"},"yoast_head":"<!-- This site is optimized with the Yoast SEO plugin v27.4 - https:\/\/yoast.com\/product\/yoast-seo-wordpress\/ -->\n<title>Dell XPS 15 9570 - business-god.com<\/title>\n<meta name=\"description\" content=\"Le Dell XPS 15 9570 est un ordinateur portable puissant et polyvalent, parfait pour le travail cr\u00e9atif et professionnel. \u00c9quip\u00e9 d\u2019un processeur Intel Core i7 de 8\u1d49 g\u00e9n\u00e9ration (2.20 GHz, 12 c\u0153urs logiques), il assure une performance fluide pour le multit\u00e2che et les applications exigeantes.Avec 32 Go de RAM DDR4 et un SSD M.2 de 512 Go, le syst\u00e8me d\u00e9marre et fonctionne rapidement, offrant une exp\u00e9rience utilisateur r\u00e9active et sans ralentissements.\" \/>\n<meta name=\"robots\" content=\"index, follow, max-snippet:-1, max-image-preview:large, max-video-preview:-1\" \/>\n<link rel=\"canonical\" href=\"https:\/\/business-god.com\/en\/boutique\/dell-xps-15-9570\/\" \/>\n<meta property=\"og:locale\" content=\"en_US\" \/>\n<meta property=\"og:type\" content=\"article\" \/>\n<meta property=\"og:title\" content=\"Dell XPS 15 9570 - business-god.com\" \/>\n<meta property=\"og:description\" content=\"Le Dell XPS 15 9570 est un ordinateur portable puissant et polyvalent, parfait pour le travail cr\u00e9atif et professionnel. \u00c9quip\u00e9 d\u2019un processeur Intel Core i7 de 8\u1d49 g\u00e9n\u00e9ration (2.20 GHz, 12 c\u0153urs logiques), il assure une performance fluide pour le multit\u00e2che et les applications exigeantes.Avec 32 Go de RAM DDR4 et un SSD M.2 de 512 Go, le syst\u00e8me d\u00e9marre et fonctionne rapidement, offrant une exp\u00e9rience utilisateur r\u00e9active et sans ralentissements.\" \/>\n<meta property=\"og:url\" content=\"https:\/\/business-god.com\/en\/boutique\/dell-xps-15-9570\/\" \/>\n<meta property=\"og:site_name\" content=\"business-god.com\" \/>\n<meta property=\"article:modified_time\" content=\"2025-11-05T09:54:29+00:00\" \/>\n<meta property=\"og:image\" content=\"https:\/\/business-god.com\/wp-content\/uploads\/2025\/10\/Dell-260k.jpg\" \/>\n\t<meta property=\"og:image:width\" content=\"768\" \/>\n\t<meta property=\"og:image:height\" content=\"1020\" \/>\n\t<meta property=\"og:image:type\" content=\"image\/jpeg\" \/>\n<meta name=\"twitter:card\" content=\"summary_large_image\" \/>\n<meta name=\"twitter:label1\" content=\"Est. reading time\" \/>\n\t<meta name=\"twitter:data1\" content=\"1 minute\" \/>\n<script type=\"application\/ld+json\" class=\"yoast-schema-graph\">{\"@context\":\"https:\\\/\\\/schema.org\",\"@graph\":[{\"@type\":\"WebPage\",\"@id\":\"https:\\\/\\\/business-god.com\\\/boutique\\\/dell-xps-15-9570\\\/\",\"url\":\"https:\\\/\\\/business-god.com\\\/boutique\\\/dell-xps-15-9570\\\/\",\"name\":\"Dell XPS 15 9570 - business-god.com\",\"isPartOf\":{\"@id\":\"https:\\\/\\\/business-god.com\\\/#website\"},\"primaryImageOfPage\":{\"@id\":\"https:\\\/\\\/business-god.com\\\/boutique\\\/dell-xps-15-9570\\\/#primaryimage\"},\"image\":{\"@id\":\"https:\\\/\\\/business-god.com\\\/boutique\\\/dell-xps-15-9570\\\/#primaryimage\"},\"thumbnailUrl\":\"https:\\\/\\\/business-god.com\\\/wp-content\\\/uploads\\\/2025\\\/10\\\/Dell-260k.jpg\",\"datePublished\":\"2025-10-29T12:16:06+00:00\",\"dateModified\":\"2025-11-05T09:54:29+00:00\",\"description\":\"Le Dell XPS 15 9570 est un ordinateur portable puissant et polyvalent, parfait pour le travail cr\u00e9atif et professionnel. \u00c9quip\u00e9 d\u2019un processeur Intel Core i7 de 8\u1d49 g\u00e9n\u00e9ration (2.20 GHz, 12 c\u0153urs logiques), il assure une performance fluide pour le multit\u00e2che et les applications exigeantes.Avec 32 Go de RAM DDR4 et un SSD M.2 de 512 Go, le syst\u00e8me d\u00e9marre et fonctionne rapidement, offrant une exp\u00e9rience utilisateur r\u00e9active et sans ralentissements.\",\"breadcrumb\":{\"@id\":\"https:\\\/\\\/business-god.com\\\/boutique\\\/dell-xps-15-9570\\\/#breadcrumb\"},\"inLanguage\":\"en-US\",\"potentialAction\":[{\"@type\":\"ReadAction\",\"target\":[\"https:\\\/\\\/business-god.com\\\/boutique\\\/dell-xps-15-9570\\\/\"]}]},{\"@type\":\"ImageObject\",\"inLanguage\":\"en-US\",\"@id\":\"https:\\\/\\\/business-god.com\\\/boutique\\\/dell-xps-15-9570\\\/#primaryimage\",\"url\":\"https:\\\/\\\/business-god.com\\\/wp-content\\\/uploads\\\/2025\\\/10\\\/Dell-260k.jpg\",\"contentUrl\":\"https:\\\/\\\/business-god.com\\\/wp-content\\\/uploads\\\/2025\\\/10\\\/Dell-260k.jpg\",\"width\":768,\"height\":1020},{\"@type\":\"BreadcrumbList\",\"@id\":\"https:\\\/\\\/business-god.com\\\/boutique\\\/dell-xps-15-9570\\\/#breadcrumb\",\"itemListElement\":[{\"@type\":\"ListItem\",\"position\":1,\"name\":\"Home\",\"item\":\"https:\\\/\\\/business-god.com\\\/\"},{\"@type\":\"ListItem\",\"position\":2,\"name\":\"Boutique\",\"item\":\"https:\\\/\\\/business-god.com\\\/boutique\\\/\"},{\"@type\":\"ListItem\",\"position\":3,\"name\":\"Dell XPS 15 9570\"}]},{\"@type\":\"WebSite\",\"@id\":\"https:\\\/\\\/business-god.com\\\/#website\",\"url\":\"https:\\\/\\\/business-god.com\\\/\",\"name\":\"business-god.com\",\"description\":\"L\u2019excellence au service du digital et de la performance\",\"potentialAction\":[{\"@type\":\"SearchAction\",\"target\":{\"@type\":\"EntryPoint\",\"urlTemplate\":\"https:\\\/\\\/business-god.com\\\/?s={search_term_string}\"},\"query-input\":{\"@type\":\"PropertyValueSpecification\",\"valueRequired\":true,\"valueName\":\"search_term_string\"}}],\"inLanguage\":\"en-US\"}]}<\/script>\n<!-- \/ Yoast SEO plugin. -->","yoast_head_json":{"title":"Dell XPS 15 9570 - business-god.com","description":"Le Dell XPS 15 9570 est un ordinateur portable puissant et polyvalent, parfait pour le travail cr\u00e9atif et professionnel. \u00c9quip\u00e9 d\u2019un processeur Intel Core i7 de 8\u1d49 g\u00e9n\u00e9ration (2.20 GHz, 12 c\u0153urs logiques), il assure une performance fluide pour le multit\u00e2che et les applications exigeantes.Avec 32 Go de RAM DDR4 et un SSD M.2 de 512 Go, le syst\u00e8me d\u00e9marre et fonctionne rapidement, offrant une exp\u00e9rience utilisateur r\u00e9active et sans ralentissements.","robots":{"index":"index","follow":"follow","max-snippet":"max-snippet:-1","max-image-preview":"max-image-preview:large","max-video-preview":"max-video-preview:-1"},"canonical":"https:\/\/business-god.com\/en\/boutique\/dell-xps-15-9570\/","og_locale":"en_US","og_type":"article","og_title":"Dell XPS 15 9570 - business-god.com","og_description":"Le Dell XPS 15 9570 est un ordinateur portable puissant et polyvalent, parfait pour le travail cr\u00e9atif et professionnel. \u00c9quip\u00e9 d\u2019un processeur Intel Core i7 de 8\u1d49 g\u00e9n\u00e9ration (2.20 GHz, 12 c\u0153urs logiques), il assure une performance fluide pour le multit\u00e2che et les applications exigeantes.Avec 32 Go de RAM DDR4 et un SSD M.2 de 512 Go, le syst\u00e8me d\u00e9marre et fonctionne rapidement, offrant une exp\u00e9rience utilisateur r\u00e9active et sans ralentissements.","og_url":"https:\/\/business-god.com\/en\/boutique\/dell-xps-15-9570\/","og_site_name":"business-god.com","article_modified_time":"2025-11-05T09:54:29+00:00","og_image":[{"width":768,"height":1020,"url":"https:\/\/business-god.com\/wp-content\/uploads\/2025\/10\/Dell-260k.jpg","type":"image\/jpeg"}],"twitter_card":"summary_large_image","twitter_misc":{"Est. reading time":"1 minute"},"schema":{"@context":"https:\/\/schema.org","@graph":[{"@type":"WebPage","@id":"https:\/\/business-god.com\/boutique\/dell-xps-15-9570\/","url":"https:\/\/business-god.com\/boutique\/dell-xps-15-9570\/","name":"Dell XPS 15 9570 - business-god.com","isPartOf":{"@id":"https:\/\/business-god.com\/#website"},"primaryImageOfPage":{"@id":"https:\/\/business-god.com\/boutique\/dell-xps-15-9570\/#primaryimage"},"image":{"@id":"https:\/\/business-god.com\/boutique\/dell-xps-15-9570\/#primaryimage"},"thumbnailUrl":"https:\/\/business-god.com\/wp-content\/uploads\/2025\/10\/Dell-260k.jpg","datePublished":"2025-10-29T12:16:06+00:00","dateModified":"2025-11-05T09:54:29+00:00","description":"Le Dell XPS 15 9570 est un ordinateur portable puissant et polyvalent, parfait pour le travail cr\u00e9atif et professionnel. \u00c9quip\u00e9 d\u2019un processeur Intel Core i7 de 8\u1d49 g\u00e9n\u00e9ration (2.20 GHz, 12 c\u0153urs logiques), il assure une performance fluide pour le multit\u00e2che et les applications exigeantes.Avec 32 Go de RAM DDR4 et un SSD M.2 de 512 Go, le syst\u00e8me d\u00e9marre et fonctionne rapidement, offrant une exp\u00e9rience utilisateur r\u00e9active et sans ralentissements.","breadcrumb":{"@id":"https:\/\/business-god.com\/boutique\/dell-xps-15-9570\/#breadcrumb"},"inLanguage":"en-US","potentialAction":[{"@type":"ReadAction","target":["https:\/\/business-god.com\/boutique\/dell-xps-15-9570\/"]}]},{"@type":"ImageObject","inLanguage":"en-US","@id":"https:\/\/business-god.com\/boutique\/dell-xps-15-9570\/#primaryimage","url":"https:\/\/business-god.com\/wp-content\/uploads\/2025\/10\/Dell-260k.jpg","contentUrl":"https:\/\/business-god.com\/wp-content\/uploads\/2025\/10\/Dell-260k.jpg","width":768,"height":1020},{"@type":"BreadcrumbList","@id":"https:\/\/business-god.com\/boutique\/dell-xps-15-9570\/#breadcrumb","itemListElement":[{"@type":"ListItem","position":1,"name":"Home","item":"https:\/\/business-god.com\/"},{"@type":"ListItem","position":2,"name":"Boutique","item":"https:\/\/business-god.com\/boutique\/"},{"@type":"ListItem","position":3,"name":"Dell XPS 15 9570"}]},{"@type":"WebSite","@id":"https:\/\/business-god.com\/#website","url":"https:\/\/business-god.com\/","name":"business-god.com","description":"L\u2019excellence au service du digital et de la performance","potentialAction":[{"@type":"SearchAction","target":{"@type":"EntryPoint","urlTemplate":"https:\/\/business-god.com\/?s={search_term_string}"},"query-input":{"@type":"PropertyValueSpecification","valueRequired":true,"valueName":"search_term_string"}}],"inLanguage":"en-US"}]}},"jetpack_sharing_enabled":true,"_links":{"self":[{"href":"https:\/\/business-god.com\/en\/wp-json\/wp\/v2\/product\/302","targetHints":{"allow":["GET"]}}],"collection":[{"href":"https:\/\/business-god.com\/en\/wp-json\/wp\/v2\/product"}],"about":[{"href":"https:\/\/business-god.com\/en\/wp-json\/wp\/v2\/types\/product"}],"replies":[{"embeddable":true,"href":"https:\/\/business-god.com\/en\/wp-json\/wp\/v2\/comments?post=302"}],"wp:featuredmedia":[{"embeddable":true,"href":"https:\/\/business-god.com\/en\/wp-json\/wp\/v2\/media\/303"}],"wp:attachment":[{"href":"https:\/\/business-god.com\/en\/wp-json\/wp\/v2\/media?parent=302"}],"wp:term":[{"taxonomy":"product_brand","embeddable":true,"href":"https:\/\/business-god.com\/en\/wp-json\/wp\/v2\/product_brand?post=302"},{"taxonomy":"product_cat","embeddable":true,"href":"https:\/\/business-god.com\/en\/wp-json\/wp\/v2\/product_cat?post=302"},{"taxonomy":"product_tag","embeddable":true,"href":"https:\/\/business-god.com\/en\/wp-json\/wp\/v2\/product_tag?post=302"}],"curies":[{"name":"wp","href":"https:\/\/api.w.org\/{rel}","templated":true}]}}