{"id":300,"date":"2025-10-29T13:11:04","date_gmt":"2025-10-29T12:11:04","guid":{"rendered":"https:\/\/business-god.com\/?post_type=product&#038;p=300"},"modified":"2025-11-05T11:29:10","modified_gmt":"2025-11-05T10:29:10","slug":"dell-precision-5540","status":"publish","type":"product","link":"https:\/\/business-god.com\/en\/boutique\/dell-precision-5540\/","title":{"rendered":"Dell pr\u00e9cision 5540"},"content":{"rendered":"<p data-start=\"189\" data-end=\"405\">Le <strong data-start=\"192\" data-end=\"215\">Dell Precision 5540<\/strong> est un <strong data-start=\"223\" data-end=\"260\">ordinateur portable haut de gamme<\/strong> con\u00e7u pour les professionnels exigeants. Alliant <strong data-start=\"310\" data-end=\"346\">puissance, \u00e9l\u00e9gance et fiabilit\u00e9<\/strong>, il offre une exp\u00e9rience de travail fluide et immersive.<\/p>\n<p data-start=\"407\" data-end=\"664\">Sous son ch\u00e2ssis <strong data-start=\"424\" data-end=\"452\">ultraslim de 15,6 pouces<\/strong>, ce bijou embarque un <strong data-start=\"475\" data-end=\"525\">processeur Intel Core i7 vPro de 9\u1d49 g\u00e9n\u00e9ration<\/strong> dot\u00e9 de <strong data-start=\"534\" data-end=\"584\">12 processeurs cadenc\u00e9s de 2.60 GHz \u00e0 3.50 GHz<\/strong>, garantissant une r\u00e9activit\u00e9 exceptionnelle pour les t\u00e2ches les plus lourdes.<\/p>\n<p data-start=\"666\" data-end=\"850\">Avec ses <strong data-start=\"675\" data-end=\"696\">32 Go de RAM DDR4<\/strong> et son <strong data-start=\"704\" data-end=\"721\">SSD de 512 Go<\/strong>, le Dell Precision 5540 assure des performances fulgurantes, une ex\u00e9cution rapide des applications et un d\u00e9marrage instantan\u00e9.<\/p>\n<p data-start=\"852\" data-end=\"1052\">La <strong data-start=\"855\" data-end=\"894\">carte graphique NVIDIA Quadro T2000<\/strong> (20 Go total dont <strong data-start=\"913\" data-end=\"928\">4 Go d\u00e9di\u00e9s<\/strong>) offre une puissance graphique professionnelle id\u00e9ale pour la <strong data-start=\"991\" data-end=\"1049\">mod\u00e9lisation 3D, le design, le montage vid\u00e9o et la CAO<\/strong>.<\/p>\n<p data-start=\"1054\" data-end=\"1262\">Son <strong data-start=\"1058\" data-end=\"1077\">\u00e9cran 15,6&Prime; UHD<\/strong>, son <strong data-start=\"1083\" data-end=\"1108\">clavier r\u00e9tro-\u00e9clair\u00e9<\/strong>, sa <strong data-start=\"1113\" data-end=\"1140\">webcam haute d\u00e9finition<\/strong>, et ses multiples connectivit\u00e9s (<strong data-start=\"1174\" data-end=\"1222\">USB 3.0, HDMI, Wi-Fi, Bluetooth, port Type-C<\/strong>) en font un outil complet et moderne.<\/p>\n<p data-start=\"1264\" data-end=\"1392\">\ud83d\udd0b <strong data-start=\"1267\" data-end=\"1291\">Autonomie excellente<\/strong>, fiabilit\u00e9 Dell certifi\u00e9e \u2014 le tout dans un design \u00e9l\u00e9gant et robuste, taill\u00e9 pour la performance.<\/p>","protected":false},"excerpt":{"rendered":"<p data-start=\"189\" data-end=\"405\">Le <strong data-start=\"192\" data-end=\"215\">Dell Precision 5540<\/strong> est un <strong data-start=\"223\" data-end=\"260\">ordinateur portable haut de gamme<\/strong> con\u00e7u pour les professionnels exigeants. Alliant <strong data-start=\"310\" data-end=\"346\">puissance, \u00e9l\u00e9gance et fiabilit\u00e9<\/strong>, il offre une exp\u00e9rience de travail fluide et immersive.<\/p>\n<p data-start=\"407\" data-end=\"664\">Sous son ch\u00e2ssis <strong data-start=\"424\" data-end=\"452\">ultraslim de 15,6 pouces<\/strong>, ce bijou embarque un <strong data-start=\"475\" data-end=\"525\">processeur Intel Core i7 vPro de 9\u1d49 g\u00e9n\u00e9ration<\/strong> dot\u00e9 de <strong data-start=\"534\" data-end=\"584\">12 processeurs cadenc\u00e9s de 2.60 GHz \u00e0 3.50 GHz<\/strong>, garantissant une r\u00e9activit\u00e9 exceptionnelle pour les t\u00e2ches les plus lourdes.<\/p>\n<p data-start=\"666\" data-end=\"850\">Avec ses <strong data-start=\"675\" data-end=\"696\">32 Go de RAM DDR4<\/strong> et son <strong data-start=\"704\" data-end=\"721\">SSD de 512 Go<\/strong>, le Dell Precision 5540 assure des performances fulgurantes, une ex\u00e9cution rapide des applications et un d\u00e9marrage instantan\u00e9.<\/p>","protected":false},"featured_media":301,"comment_status":"open","ping_status":"closed","template":"","meta":{"_et_pb_use_builder":"off","_et_pb_old_content":"","_et_gb_content_width":""},"product_brand":[26],"product_cat":[20],"product_tag":[29],"class_list":{"0":"post-300","1":"product","2":"type-product","3":"status-publish","4":"has-post-thumbnail","6":"product_brand-dell","7":"product_cat-laptop","8":"product_tag-dell","10":"first","11":"instock","12":"sale","13":"taxable","14":"shipping-taxable","15":"purchasable","16":"product-type-simple"},"yoast_head":"<!-- This site is optimized with the Yoast SEO plugin v27.4 - https:\/\/yoast.com\/product\/yoast-seo-wordpress\/ -->\n<title>Dell pr\u00e9cision 5540 - business-god.com<\/title>\n<meta name=\"description\" content=\"Le Dell Precision 5540 est un ordinateur portable haut de gamme con\u00e7u pour les professionnels exigeants. Alliant puissance, \u00e9l\u00e9gance et fiabilit\u00e9, il offre une exp\u00e9rience de travail fluide et immersive.Sous son ch\u00e2ssis ultraslim de 15,6 pouces, ce bijou embarque un processeur Intel Core i7 vPro de 9\u1d49 g\u00e9n\u00e9ration dot\u00e9 de 12 processeurs cadenc\u00e9s de 2.60 GHz \u00e0 3.50 GHz, garantissant une r\u00e9activit\u00e9 exceptionnelle pour les t\u00e2ches les plus lourdes.Avec ses 32 Go de RAM DDR4 et son SSD de 512 Go, le Dell Precision 5540 assure des performances fulgurantes, une ex\u00e9cution rapide des applications et un d\u00e9marrage instantan\u00e9.\" \/>\n<meta name=\"robots\" content=\"index, follow, max-snippet:-1, max-image-preview:large, max-video-preview:-1\" \/>\n<link rel=\"canonical\" href=\"https:\/\/business-god.com\/en\/boutique\/dell-precision-5540\/\" \/>\n<meta property=\"og:locale\" content=\"en_US\" \/>\n<meta property=\"og:type\" content=\"article\" \/>\n<meta property=\"og:title\" content=\"Dell pr\u00e9cision 5540 - business-god.com\" \/>\n<meta property=\"og:description\" content=\"Le Dell Precision 5540 est un ordinateur portable haut de gamme con\u00e7u pour les professionnels exigeants. Alliant puissance, \u00e9l\u00e9gance et fiabilit\u00e9, il offre une exp\u00e9rience de travail fluide et immersive.Sous son ch\u00e2ssis ultraslim de 15,6 pouces, ce bijou embarque un processeur Intel Core i7 vPro de 9\u1d49 g\u00e9n\u00e9ration dot\u00e9 de 12 processeurs cadenc\u00e9s de 2.60 GHz \u00e0 3.50 GHz, garantissant une r\u00e9activit\u00e9 exceptionnelle pour les t\u00e2ches les plus lourdes.Avec ses 32 Go de RAM DDR4 et son SSD de 512 Go, le Dell Precision 5540 assure des performances fulgurantes, une ex\u00e9cution rapide des applications et un d\u00e9marrage instantan\u00e9.\" \/>\n<meta property=\"og:url\" content=\"https:\/\/business-god.com\/en\/boutique\/dell-precision-5540\/\" \/>\n<meta property=\"og:site_name\" content=\"business-god.com\" \/>\n<meta property=\"article:modified_time\" content=\"2025-11-05T10:29:10+00:00\" \/>\n<meta property=\"og:image\" content=\"https:\/\/business-god.com\/wp-content\/uploads\/2025\/10\/Dell-265k.jpg\" \/>\n\t<meta property=\"og:image:width\" content=\"768\" \/>\n\t<meta property=\"og:image:height\" content=\"1020\" \/>\n\t<meta property=\"og:image:type\" content=\"image\/jpeg\" \/>\n<meta name=\"twitter:card\" content=\"summary_large_image\" \/>\n<meta name=\"twitter:label1\" content=\"Est. reading time\" \/>\n\t<meta name=\"twitter:data1\" content=\"2 minutes\" \/>\n<script type=\"application\/ld+json\" class=\"yoast-schema-graph\">{\"@context\":\"https:\\\/\\\/schema.org\",\"@graph\":[{\"@type\":\"WebPage\",\"@id\":\"https:\\\/\\\/business-god.com\\\/boutique\\\/dell-precision-5540\\\/\",\"url\":\"https:\\\/\\\/business-god.com\\\/boutique\\\/dell-precision-5540\\\/\",\"name\":\"Dell pr\u00e9cision 5540 - business-god.com\",\"isPartOf\":{\"@id\":\"https:\\\/\\\/business-god.com\\\/#website\"},\"primaryImageOfPage\":{\"@id\":\"https:\\\/\\\/business-god.com\\\/boutique\\\/dell-precision-5540\\\/#primaryimage\"},\"image\":{\"@id\":\"https:\\\/\\\/business-god.com\\\/boutique\\\/dell-precision-5540\\\/#primaryimage\"},\"thumbnailUrl\":\"https:\\\/\\\/business-god.com\\\/wp-content\\\/uploads\\\/2025\\\/10\\\/Dell-265k.jpg\",\"datePublished\":\"2025-10-29T12:11:04+00:00\",\"dateModified\":\"2025-11-05T10:29:10+00:00\",\"description\":\"Le Dell Precision 5540 est un ordinateur portable haut de gamme con\u00e7u pour les professionnels exigeants. Alliant puissance, \u00e9l\u00e9gance et fiabilit\u00e9, il offre une exp\u00e9rience de travail fluide et immersive.Sous son ch\u00e2ssis ultraslim de 15,6 pouces, ce bijou embarque un processeur Intel Core i7 vPro de 9\u1d49 g\u00e9n\u00e9ration dot\u00e9 de 12 processeurs cadenc\u00e9s de 2.60 GHz \u00e0 3.50 GHz, garantissant une r\u00e9activit\u00e9 exceptionnelle pour les t\u00e2ches les plus lourdes.Avec ses 32 Go de RAM DDR4 et son SSD de 512 Go, le Dell Precision 5540 assure des performances fulgurantes, une ex\u00e9cution rapide des applications et un d\u00e9marrage instantan\u00e9.\",\"breadcrumb\":{\"@id\":\"https:\\\/\\\/business-god.com\\\/boutique\\\/dell-precision-5540\\\/#breadcrumb\"},\"inLanguage\":\"en-US\",\"potentialAction\":[{\"@type\":\"ReadAction\",\"target\":[\"https:\\\/\\\/business-god.com\\\/boutique\\\/dell-precision-5540\\\/\"]}]},{\"@type\":\"ImageObject\",\"inLanguage\":\"en-US\",\"@id\":\"https:\\\/\\\/business-god.com\\\/boutique\\\/dell-precision-5540\\\/#primaryimage\",\"url\":\"https:\\\/\\\/business-god.com\\\/wp-content\\\/uploads\\\/2025\\\/10\\\/Dell-265k.jpg\",\"contentUrl\":\"https:\\\/\\\/business-god.com\\\/wp-content\\\/uploads\\\/2025\\\/10\\\/Dell-265k.jpg\",\"width\":768,\"height\":1020},{\"@type\":\"BreadcrumbList\",\"@id\":\"https:\\\/\\\/business-god.com\\\/boutique\\\/dell-precision-5540\\\/#breadcrumb\",\"itemListElement\":[{\"@type\":\"ListItem\",\"position\":1,\"name\":\"Home\",\"item\":\"https:\\\/\\\/business-god.com\\\/\"},{\"@type\":\"ListItem\",\"position\":2,\"name\":\"Boutique\",\"item\":\"https:\\\/\\\/business-god.com\\\/boutique\\\/\"},{\"@type\":\"ListItem\",\"position\":3,\"name\":\"Dell pr\u00e9cision 5540\"}]},{\"@type\":\"WebSite\",\"@id\":\"https:\\\/\\\/business-god.com\\\/#website\",\"url\":\"https:\\\/\\\/business-god.com\\\/\",\"name\":\"business-god.com\",\"description\":\"L\u2019excellence au service du digital et de la performance\",\"potentialAction\":[{\"@type\":\"SearchAction\",\"target\":{\"@type\":\"EntryPoint\",\"urlTemplate\":\"https:\\\/\\\/business-god.com\\\/?s={search_term_string}\"},\"query-input\":{\"@type\":\"PropertyValueSpecification\",\"valueRequired\":true,\"valueName\":\"search_term_string\"}}],\"inLanguage\":\"en-US\"}]}<\/script>\n<!-- \/ Yoast SEO plugin. -->","yoast_head_json":{"title":"Dell pr\u00e9cision 5540 - business-god.com","description":"Le Dell Precision 5540 est un ordinateur portable haut de gamme con\u00e7u pour les professionnels exigeants. Alliant puissance, \u00e9l\u00e9gance et fiabilit\u00e9, il offre une exp\u00e9rience de travail fluide et immersive.Sous son ch\u00e2ssis ultraslim de 15,6 pouces, ce bijou embarque un processeur Intel Core i7 vPro de 9\u1d49 g\u00e9n\u00e9ration dot\u00e9 de 12 processeurs cadenc\u00e9s de 2.60 GHz \u00e0 3.50 GHz, garantissant une r\u00e9activit\u00e9 exceptionnelle pour les t\u00e2ches les plus lourdes.Avec ses 32 Go de RAM DDR4 et son SSD de 512 Go, le Dell Precision 5540 assure des performances fulgurantes, une ex\u00e9cution rapide des applications et un d\u00e9marrage instantan\u00e9.","robots":{"index":"index","follow":"follow","max-snippet":"max-snippet:-1","max-image-preview":"max-image-preview:large","max-video-preview":"max-video-preview:-1"},"canonical":"https:\/\/business-god.com\/en\/boutique\/dell-precision-5540\/","og_locale":"en_US","og_type":"article","og_title":"Dell pr\u00e9cision 5540 - business-god.com","og_description":"Le Dell Precision 5540 est un ordinateur portable haut de gamme con\u00e7u pour les professionnels exigeants. Alliant puissance, \u00e9l\u00e9gance et fiabilit\u00e9, il offre une exp\u00e9rience de travail fluide et immersive.Sous son ch\u00e2ssis ultraslim de 15,6 pouces, ce bijou embarque un processeur Intel Core i7 vPro de 9\u1d49 g\u00e9n\u00e9ration dot\u00e9 de 12 processeurs cadenc\u00e9s de 2.60 GHz \u00e0 3.50 GHz, garantissant une r\u00e9activit\u00e9 exceptionnelle pour les t\u00e2ches les plus lourdes.Avec ses 32 Go de RAM DDR4 et son SSD de 512 Go, le Dell Precision 5540 assure des performances fulgurantes, une ex\u00e9cution rapide des applications et un d\u00e9marrage instantan\u00e9.","og_url":"https:\/\/business-god.com\/en\/boutique\/dell-precision-5540\/","og_site_name":"business-god.com","article_modified_time":"2025-11-05T10:29:10+00:00","og_image":[{"width":768,"height":1020,"url":"https:\/\/business-god.com\/wp-content\/uploads\/2025\/10\/Dell-265k.jpg","type":"image\/jpeg"}],"twitter_card":"summary_large_image","twitter_misc":{"Est. reading time":"2 minutes"},"schema":{"@context":"https:\/\/schema.org","@graph":[{"@type":"WebPage","@id":"https:\/\/business-god.com\/boutique\/dell-precision-5540\/","url":"https:\/\/business-god.com\/boutique\/dell-precision-5540\/","name":"Dell pr\u00e9cision 5540 - business-god.com","isPartOf":{"@id":"https:\/\/business-god.com\/#website"},"primaryImageOfPage":{"@id":"https:\/\/business-god.com\/boutique\/dell-precision-5540\/#primaryimage"},"image":{"@id":"https:\/\/business-god.com\/boutique\/dell-precision-5540\/#primaryimage"},"thumbnailUrl":"https:\/\/business-god.com\/wp-content\/uploads\/2025\/10\/Dell-265k.jpg","datePublished":"2025-10-29T12:11:04+00:00","dateModified":"2025-11-05T10:29:10+00:00","description":"Le Dell Precision 5540 est un ordinateur portable haut de gamme con\u00e7u pour les professionnels exigeants. Alliant puissance, \u00e9l\u00e9gance et fiabilit\u00e9, il offre une exp\u00e9rience de travail fluide et immersive.Sous son ch\u00e2ssis ultraslim de 15,6 pouces, ce bijou embarque un processeur Intel Core i7 vPro de 9\u1d49 g\u00e9n\u00e9ration dot\u00e9 de 12 processeurs cadenc\u00e9s de 2.60 GHz \u00e0 3.50 GHz, garantissant une r\u00e9activit\u00e9 exceptionnelle pour les t\u00e2ches les plus lourdes.Avec ses 32 Go de RAM DDR4 et son SSD de 512 Go, le Dell Precision 5540 assure des performances fulgurantes, une ex\u00e9cution rapide des applications et un d\u00e9marrage instantan\u00e9.","breadcrumb":{"@id":"https:\/\/business-god.com\/boutique\/dell-precision-5540\/#breadcrumb"},"inLanguage":"en-US","potentialAction":[{"@type":"ReadAction","target":["https:\/\/business-god.com\/boutique\/dell-precision-5540\/"]}]},{"@type":"ImageObject","inLanguage":"en-US","@id":"https:\/\/business-god.com\/boutique\/dell-precision-5540\/#primaryimage","url":"https:\/\/business-god.com\/wp-content\/uploads\/2025\/10\/Dell-265k.jpg","contentUrl":"https:\/\/business-god.com\/wp-content\/uploads\/2025\/10\/Dell-265k.jpg","width":768,"height":1020},{"@type":"BreadcrumbList","@id":"https:\/\/business-god.com\/boutique\/dell-precision-5540\/#breadcrumb","itemListElement":[{"@type":"ListItem","position":1,"name":"Home","item":"https:\/\/business-god.com\/"},{"@type":"ListItem","position":2,"name":"Boutique","item":"https:\/\/business-god.com\/boutique\/"},{"@type":"ListItem","position":3,"name":"Dell pr\u00e9cision 5540"}]},{"@type":"WebSite","@id":"https:\/\/business-god.com\/#website","url":"https:\/\/business-god.com\/","name":"business-god.com","description":"L\u2019excellence au service du digital et de la performance","potentialAction":[{"@type":"SearchAction","target":{"@type":"EntryPoint","urlTemplate":"https:\/\/business-god.com\/?s={search_term_string}"},"query-input":{"@type":"PropertyValueSpecification","valueRequired":true,"valueName":"search_term_string"}}],"inLanguage":"en-US"}]}},"jetpack_sharing_enabled":true,"_links":{"self":[{"href":"https:\/\/business-god.com\/en\/wp-json\/wp\/v2\/product\/300","targetHints":{"allow":["GET"]}}],"collection":[{"href":"https:\/\/business-god.com\/en\/wp-json\/wp\/v2\/product"}],"about":[{"href":"https:\/\/business-god.com\/en\/wp-json\/wp\/v2\/types\/product"}],"replies":[{"embeddable":true,"href":"https:\/\/business-god.com\/en\/wp-json\/wp\/v2\/comments?post=300"}],"wp:featuredmedia":[{"embeddable":true,"href":"https:\/\/business-god.com\/en\/wp-json\/wp\/v2\/media\/301"}],"wp:attachment":[{"href":"https:\/\/business-god.com\/en\/wp-json\/wp\/v2\/media?parent=300"}],"wp:term":[{"taxonomy":"product_brand","embeddable":true,"href":"https:\/\/business-god.com\/en\/wp-json\/wp\/v2\/product_brand?post=300"},{"taxonomy":"product_cat","embeddable":true,"href":"https:\/\/business-god.com\/en\/wp-json\/wp\/v2\/product_cat?post=300"},{"taxonomy":"product_tag","embeddable":true,"href":"https:\/\/business-god.com\/en\/wp-json\/wp\/v2\/product_tag?post=300"}],"curies":[{"name":"wp","href":"https:\/\/api.w.org\/{rel}","templated":true}]}}