{"id":287,"date":"2025-10-29T12:53:17","date_gmt":"2025-10-29T11:53:17","guid":{"rendered":"https:\/\/business-god.com\/?post_type=product&#038;p=287"},"modified":"2025-10-29T12:53:18","modified_gmt":"2025-10-29T11:53:18","slug":"desktops-gaming","status":"publish","type":"product","link":"https:\/\/business-god.com\/en\/boutique\/desktops-gaming\/","title":{"rendered":"Desktops Gaming"},"content":{"rendered":"<p data-start=\"167\" data-end=\"468\">Ce <strong data-start=\"170\" data-end=\"201\">PC Gaming haute performance<\/strong> est con\u00e7u pour offrir une exp\u00e9rience fluide et immersive, m\u00eame sur les jeux les plus exigeants.<br data-start=\"297\" data-end=\"300\" \/>Propuls\u00e9 par un <strong data-start=\"316\" data-end=\"399\">processeur AMD Ryzen 7 5700X (3.4 GHz \u2013 Turbo Boost 4.7 GHz, 16 c\u0153urs logiques)<\/strong>, il rivalise avec les processeurs Intel Core i5 de 12\u1d49 g\u00e9n\u00e9ration.<\/p>\n<p data-start=\"470\" data-end=\"693\">La machine embarque une <strong data-start=\"494\" data-end=\"558\">carte graphique NVIDIA GeForce RTX 5060 de 8 Go GDDR7 d\u00e9di\u00e9e<\/strong>, associ\u00e9e \u00e0 <strong data-start=\"571\" data-end=\"603\">32 Go de RAM DDR4 (3200 MHz)<\/strong> pour des performances graphiques exceptionnelles et une vitesse d\u2019ex\u00e9cution fulgurante.<\/p>\n<p data-start=\"695\" data-end=\"856\">C\u00f4t\u00e9 stockage, le PC dispose d\u2019un <strong data-start=\"729\" data-end=\"766\">SSD M.2 Samsung 970 PRO de 512 Go<\/strong> pour un d\u00e9marrage instantan\u00e9 et un <strong data-start=\"802\" data-end=\"817\">HDD de 1 To<\/strong> pour un espace de stockage g\u00e9n\u00e9reux.<\/p>\n<p data-start=\"858\" data-end=\"1057\">Son <strong data-start=\"862\" data-end=\"912\">refroidissement par watercooling double module<\/strong>, son <strong data-start=\"918\" data-end=\"968\">ventilateur RGB multicouleur avec t\u00e9l\u00e9commande<\/strong>, et son <strong data-start=\"977\" data-end=\"1008\">alimentation certifi\u00e9e 650W<\/strong> garantissent stabilit\u00e9, silence et durabilit\u00e9.<\/p>\n<p data-start=\"1059\" data-end=\"1157\">Le tout est sublim\u00e9 par un <strong data-start=\"1086\" data-end=\"1114\">\u00e9cran 34 pouces immersif<\/strong> pour une exp\u00e9rience visuelle hors norme.<\/p>\n<p data-start=\"1159\" data-end=\"1198\">\ud83c\udf81 <strong data-start=\"1162\" data-end=\"1173\">Bonus :<\/strong> Manette FC26 offerte !<\/p>","protected":false},"excerpt":{"rendered":"<p data-start=\"167\" data-end=\"468\">Ce <strong data-start=\"170\" data-end=\"201\">PC Gaming haute performance<\/strong> est con\u00e7u pour offrir une exp\u00e9rience fluide et immersive, m\u00eame sur les jeux les plus exigeants.<br data-start=\"297\" data-end=\"300\" \/>Propuls\u00e9 par un <strong data-start=\"316\" data-end=\"399\">processeur AMD Ryzen 7 5700X (3.4 GHz \u2013 Turbo Boost 4.7 GHz, 16 c\u0153urs logiques)<\/strong>, il rivalise avec les processeurs Intel Core i5 de 12\u1d49 g\u00e9n\u00e9ration.<\/p>\n<p data-start=\"470\" data-end=\"693\">La machine embarque une <strong data-start=\"494\" data-end=\"558\">carte graphique NVIDIA GeForce RTX 5060 de 8 Go GDDR7 d\u00e9di\u00e9e<\/strong>, associ\u00e9e \u00e0 <strong data-start=\"571\" data-end=\"603\">32 Go de RAM DDR4 (3200 MHz)<\/strong> pour des performances graphiques exceptionnelles et une vitesse d\u2019ex\u00e9cution fulgurante.<\/p>","protected":false},"featured_media":257,"comment_status":"open","ping_status":"closed","template":"","meta":{"_et_pb_use_builder":"","_et_pb_old_content":"","_et_gb_content_width":""},"product_brand":[26],"product_cat":[21],"product_tag":[28],"class_list":{"0":"post-287","1":"product","2":"type-product","3":"status-publish","4":"has-post-thumbnail","6":"product_brand-dell","7":"product_cat-gaming","8":"product_tag-gaming","10":"first","11":"instock","12":"sale","13":"taxable","14":"shipping-taxable","15":"purchasable","16":"product-type-simple"},"yoast_head":"<!-- This site is optimized with the Yoast SEO plugin v27.4 - https:\/\/yoast.com\/product\/yoast-seo-wordpress\/ -->\n<title>Desktops Gaming - business-god.com<\/title>\n<meta name=\"description\" content=\"Ce PC Gaming haute performance est con\u00e7u pour offrir une exp\u00e9rience fluide et immersive, m\u00eame sur les jeux les plus exigeants.Propuls\u00e9 par un processeur AMD Ryzen 7 5700X (3.4 GHz \u2013 Turbo Boost 4.7 GHz, 16 c\u0153urs logiques), il rivalise avec les processeurs Intel Core i5 de 12\u1d49 g\u00e9n\u00e9ration.La machine embarque une carte graphique NVIDIA GeForce RTX 5060 de 8 Go GDDR7 d\u00e9di\u00e9e, associ\u00e9e \u00e0 32 Go de RAM DDR4 (3200 MHz) pour des performances graphiques exceptionnelles et une vitesse d\u2019ex\u00e9cution fulgurante.\" \/>\n<meta name=\"robots\" content=\"index, follow, max-snippet:-1, max-image-preview:large, max-video-preview:-1\" \/>\n<link rel=\"canonical\" href=\"https:\/\/business-god.com\/en\/boutique\/desktops-gaming\/\" \/>\n<meta property=\"og:locale\" content=\"en_US\" \/>\n<meta property=\"og:type\" content=\"article\" \/>\n<meta property=\"og:title\" content=\"Desktops Gaming - business-god.com\" \/>\n<meta property=\"og:description\" content=\"Ce PC Gaming haute performance est con\u00e7u pour offrir une exp\u00e9rience fluide et immersive, m\u00eame sur les jeux les plus exigeants.Propuls\u00e9 par un processeur AMD Ryzen 7 5700X (3.4 GHz \u2013 Turbo Boost 4.7 GHz, 16 c\u0153urs logiques), il rivalise avec les processeurs Intel Core i5 de 12\u1d49 g\u00e9n\u00e9ration.La machine embarque une carte graphique NVIDIA GeForce RTX 5060 de 8 Go GDDR7 d\u00e9di\u00e9e, associ\u00e9e \u00e0 32 Go de RAM DDR4 (3200 MHz) pour des performances graphiques exceptionnelles et une vitesse d\u2019ex\u00e9cution fulgurante.\" \/>\n<meta property=\"og:url\" content=\"https:\/\/business-god.com\/en\/boutique\/desktops-gaming\/\" \/>\n<meta property=\"og:site_name\" content=\"business-god.com\" \/>\n<meta property=\"article:modified_time\" content=\"2025-10-29T11:53:18+00:00\" \/>\n<meta property=\"og:image\" content=\"https:\/\/business-god.com\/wp-content\/uploads\/2025\/10\/IMG-20251028-WA0023.jpg\" \/>\n\t<meta property=\"og:image:width\" content=\"755\" \/>\n\t<meta property=\"og:image:height\" content=\"1080\" \/>\n\t<meta property=\"og:image:type\" content=\"image\/jpeg\" \/>\n<meta name=\"twitter:card\" content=\"summary_large_image\" \/>\n<meta name=\"twitter:label1\" content=\"Est. reading time\" \/>\n\t<meta name=\"twitter:data1\" content=\"1 minute\" \/>\n<script type=\"application\/ld+json\" class=\"yoast-schema-graph\">{\"@context\":\"https:\\\/\\\/schema.org\",\"@graph\":[{\"@type\":\"WebPage\",\"@id\":\"https:\\\/\\\/business-god.com\\\/boutique\\\/desktops-gaming\\\/\",\"url\":\"https:\\\/\\\/business-god.com\\\/boutique\\\/desktops-gaming\\\/\",\"name\":\"Desktops Gaming - business-god.com\",\"isPartOf\":{\"@id\":\"https:\\\/\\\/business-god.com\\\/#website\"},\"primaryImageOfPage\":{\"@id\":\"https:\\\/\\\/business-god.com\\\/boutique\\\/desktops-gaming\\\/#primaryimage\"},\"image\":{\"@id\":\"https:\\\/\\\/business-god.com\\\/boutique\\\/desktops-gaming\\\/#primaryimage\"},\"thumbnailUrl\":\"https:\\\/\\\/business-god.com\\\/wp-content\\\/uploads\\\/2025\\\/10\\\/IMG-20251028-WA0023.jpg\",\"datePublished\":\"2025-10-29T11:53:17+00:00\",\"dateModified\":\"2025-10-29T11:53:18+00:00\",\"description\":\"Ce PC Gaming haute performance est con\u00e7u pour offrir une exp\u00e9rience fluide et immersive, m\u00eame sur les jeux les plus exigeants.Propuls\u00e9 par un processeur AMD Ryzen 7 5700X (3.4 GHz \u2013 Turbo Boost 4.7 GHz, 16 c\u0153urs logiques), il rivalise avec les processeurs Intel Core i5 de 12\u1d49 g\u00e9n\u00e9ration.La machine embarque une carte graphique NVIDIA GeForce RTX 5060 de 8 Go GDDR7 d\u00e9di\u00e9e, associ\u00e9e \u00e0 32 Go de RAM DDR4 (3200 MHz) pour des performances graphiques exceptionnelles et une vitesse d\u2019ex\u00e9cution fulgurante.\",\"breadcrumb\":{\"@id\":\"https:\\\/\\\/business-god.com\\\/boutique\\\/desktops-gaming\\\/#breadcrumb\"},\"inLanguage\":\"en-US\",\"potentialAction\":[{\"@type\":\"ReadAction\",\"target\":[\"https:\\\/\\\/business-god.com\\\/boutique\\\/desktops-gaming\\\/\"]}]},{\"@type\":\"ImageObject\",\"inLanguage\":\"en-US\",\"@id\":\"https:\\\/\\\/business-god.com\\\/boutique\\\/desktops-gaming\\\/#primaryimage\",\"url\":\"https:\\\/\\\/business-god.com\\\/wp-content\\\/uploads\\\/2025\\\/10\\\/IMG-20251028-WA0023.jpg\",\"contentUrl\":\"https:\\\/\\\/business-god.com\\\/wp-content\\\/uploads\\\/2025\\\/10\\\/IMG-20251028-WA0023.jpg\",\"width\":755,\"height\":1080},{\"@type\":\"BreadcrumbList\",\"@id\":\"https:\\\/\\\/business-god.com\\\/boutique\\\/desktops-gaming\\\/#breadcrumb\",\"itemListElement\":[{\"@type\":\"ListItem\",\"position\":1,\"name\":\"Home\",\"item\":\"https:\\\/\\\/business-god.com\\\/\"},{\"@type\":\"ListItem\",\"position\":2,\"name\":\"Boutique\",\"item\":\"https:\\\/\\\/business-god.com\\\/boutique\\\/\"},{\"@type\":\"ListItem\",\"position\":3,\"name\":\"Desktops Gaming\"}]},{\"@type\":\"WebSite\",\"@id\":\"https:\\\/\\\/business-god.com\\\/#website\",\"url\":\"https:\\\/\\\/business-god.com\\\/\",\"name\":\"business-god.com\",\"description\":\"L\u2019excellence au service du digital et de la performance\",\"potentialAction\":[{\"@type\":\"SearchAction\",\"target\":{\"@type\":\"EntryPoint\",\"urlTemplate\":\"https:\\\/\\\/business-god.com\\\/?s={search_term_string}\"},\"query-input\":{\"@type\":\"PropertyValueSpecification\",\"valueRequired\":true,\"valueName\":\"search_term_string\"}}],\"inLanguage\":\"en-US\"}]}<\/script>\n<!-- \/ Yoast SEO plugin. -->","yoast_head_json":{"title":"Desktops Gaming - business-god.com","description":"Ce PC Gaming haute performance est con\u00e7u pour offrir une exp\u00e9rience fluide et immersive, m\u00eame sur les jeux les plus exigeants.Propuls\u00e9 par un processeur AMD Ryzen 7 5700X (3.4 GHz \u2013 Turbo Boost 4.7 GHz, 16 c\u0153urs logiques), il rivalise avec les processeurs Intel Core i5 de 12\u1d49 g\u00e9n\u00e9ration.La machine embarque une carte graphique NVIDIA GeForce RTX 5060 de 8 Go GDDR7 d\u00e9di\u00e9e, associ\u00e9e \u00e0 32 Go de RAM DDR4 (3200 MHz) pour des performances graphiques exceptionnelles et une vitesse d\u2019ex\u00e9cution fulgurante.","robots":{"index":"index","follow":"follow","max-snippet":"max-snippet:-1","max-image-preview":"max-image-preview:large","max-video-preview":"max-video-preview:-1"},"canonical":"https:\/\/business-god.com\/en\/boutique\/desktops-gaming\/","og_locale":"en_US","og_type":"article","og_title":"Desktops Gaming - business-god.com","og_description":"Ce PC Gaming haute performance est con\u00e7u pour offrir une exp\u00e9rience fluide et immersive, m\u00eame sur les jeux les plus exigeants.Propuls\u00e9 par un processeur AMD Ryzen 7 5700X (3.4 GHz \u2013 Turbo Boost 4.7 GHz, 16 c\u0153urs logiques), il rivalise avec les processeurs Intel Core i5 de 12\u1d49 g\u00e9n\u00e9ration.La machine embarque une carte graphique NVIDIA GeForce RTX 5060 de 8 Go GDDR7 d\u00e9di\u00e9e, associ\u00e9e \u00e0 32 Go de RAM DDR4 (3200 MHz) pour des performances graphiques exceptionnelles et une vitesse d\u2019ex\u00e9cution fulgurante.","og_url":"https:\/\/business-god.com\/en\/boutique\/desktops-gaming\/","og_site_name":"business-god.com","article_modified_time":"2025-10-29T11:53:18+00:00","og_image":[{"width":755,"height":1080,"url":"https:\/\/business-god.com\/wp-content\/uploads\/2025\/10\/IMG-20251028-WA0023.jpg","type":"image\/jpeg"}],"twitter_card":"summary_large_image","twitter_misc":{"Est. reading time":"1 minute"},"schema":{"@context":"https:\/\/schema.org","@graph":[{"@type":"WebPage","@id":"https:\/\/business-god.com\/boutique\/desktops-gaming\/","url":"https:\/\/business-god.com\/boutique\/desktops-gaming\/","name":"Desktops Gaming - business-god.com","isPartOf":{"@id":"https:\/\/business-god.com\/#website"},"primaryImageOfPage":{"@id":"https:\/\/business-god.com\/boutique\/desktops-gaming\/#primaryimage"},"image":{"@id":"https:\/\/business-god.com\/boutique\/desktops-gaming\/#primaryimage"},"thumbnailUrl":"https:\/\/business-god.com\/wp-content\/uploads\/2025\/10\/IMG-20251028-WA0023.jpg","datePublished":"2025-10-29T11:53:17+00:00","dateModified":"2025-10-29T11:53:18+00:00","description":"Ce PC Gaming haute performance est con\u00e7u pour offrir une exp\u00e9rience fluide et immersive, m\u00eame sur les jeux les plus exigeants.Propuls\u00e9 par un processeur AMD Ryzen 7 5700X (3.4 GHz \u2013 Turbo Boost 4.7 GHz, 16 c\u0153urs logiques), il rivalise avec les processeurs Intel Core i5 de 12\u1d49 g\u00e9n\u00e9ration.La machine embarque une carte graphique NVIDIA GeForce RTX 5060 de 8 Go GDDR7 d\u00e9di\u00e9e, associ\u00e9e \u00e0 32 Go de RAM DDR4 (3200 MHz) pour des performances graphiques exceptionnelles et une vitesse d\u2019ex\u00e9cution fulgurante.","breadcrumb":{"@id":"https:\/\/business-god.com\/boutique\/desktops-gaming\/#breadcrumb"},"inLanguage":"en-US","potentialAction":[{"@type":"ReadAction","target":["https:\/\/business-god.com\/boutique\/desktops-gaming\/"]}]},{"@type":"ImageObject","inLanguage":"en-US","@id":"https:\/\/business-god.com\/boutique\/desktops-gaming\/#primaryimage","url":"https:\/\/business-god.com\/wp-content\/uploads\/2025\/10\/IMG-20251028-WA0023.jpg","contentUrl":"https:\/\/business-god.com\/wp-content\/uploads\/2025\/10\/IMG-20251028-WA0023.jpg","width":755,"height":1080},{"@type":"BreadcrumbList","@id":"https:\/\/business-god.com\/boutique\/desktops-gaming\/#breadcrumb","itemListElement":[{"@type":"ListItem","position":1,"name":"Home","item":"https:\/\/business-god.com\/"},{"@type":"ListItem","position":2,"name":"Boutique","item":"https:\/\/business-god.com\/boutique\/"},{"@type":"ListItem","position":3,"name":"Desktops Gaming"}]},{"@type":"WebSite","@id":"https:\/\/business-god.com\/#website","url":"https:\/\/business-god.com\/","name":"business-god.com","description":"L\u2019excellence au service du digital et de la performance","potentialAction":[{"@type":"SearchAction","target":{"@type":"EntryPoint","urlTemplate":"https:\/\/business-god.com\/?s={search_term_string}"},"query-input":{"@type":"PropertyValueSpecification","valueRequired":true,"valueName":"search_term_string"}}],"inLanguage":"en-US"}]}},"jetpack_sharing_enabled":true,"_links":{"self":[{"href":"https:\/\/business-god.com\/en\/wp-json\/wp\/v2\/product\/287","targetHints":{"allow":["GET"]}}],"collection":[{"href":"https:\/\/business-god.com\/en\/wp-json\/wp\/v2\/product"}],"about":[{"href":"https:\/\/business-god.com\/en\/wp-json\/wp\/v2\/types\/product"}],"replies":[{"embeddable":true,"href":"https:\/\/business-god.com\/en\/wp-json\/wp\/v2\/comments?post=287"}],"wp:featuredmedia":[{"embeddable":true,"href":"https:\/\/business-god.com\/en\/wp-json\/wp\/v2\/media\/257"}],"wp:attachment":[{"href":"https:\/\/business-god.com\/en\/wp-json\/wp\/v2\/media?parent=287"}],"wp:term":[{"taxonomy":"product_brand","embeddable":true,"href":"https:\/\/business-god.com\/en\/wp-json\/wp\/v2\/product_brand?post=287"},{"taxonomy":"product_cat","embeddable":true,"href":"https:\/\/business-god.com\/en\/wp-json\/wp\/v2\/product_cat?post=287"},{"taxonomy":"product_tag","embeddable":true,"href":"https:\/\/business-god.com\/en\/wp-json\/wp\/v2\/product_tag?post=287"}],"curies":[{"name":"wp","href":"https:\/\/api.w.org\/{rel}","templated":true}]}}