{"id":275,"date":"2025-10-29T11:52:24","date_gmt":"2025-10-29T10:52:24","guid":{"rendered":"https:\/\/business-god.com\/?post_type=product&#038;p=275"},"modified":"2025-10-29T11:52:25","modified_gmt":"2025-10-29T10:52:25","slug":"lenovo-thinkpad-p14s","status":"publish","type":"product","link":"https:\/\/business-god.com\/en\/boutique\/lenovo-thinkpad-p14s\/","title":{"rendered":"Lenovo Thinkpad P14s"},"content":{"rendered":"<p data-start=\"189\" data-end=\"511\">Le <strong data-start=\"192\" data-end=\"216\">Lenovo ThinkPad P14s<\/strong> combine performance, mobilit\u00e9 et fiabilit\u00e9. Propuls\u00e9 par un <strong data-start=\"277\" data-end=\"323\">processeur Intel Core i7 de 11\u1d49 g\u00e9n\u00e9ration<\/strong> (8 c\u0153urs, 3.0 GHz, Turbo Boost jusqu\u2019\u00e0 4.8 GHz), <strong data-start=\"373\" data-end=\"389\">16 Go de RAM<\/strong> et un <strong data-start=\"396\" data-end=\"430\">SSD M.2 ultra-rapide de 512 Go<\/strong>, il garantit une productivit\u00e9 fluide m\u00eame pour les t\u00e2ches les plus exigeantes.<\/p>\n<p data-start=\"513\" data-end=\"727\">C\u00f4t\u00e9 graphisme, il embarque une <strong data-start=\"545\" data-end=\"575\">Intel Iris Xe (8 Go total)<\/strong> et une <strong data-start=\"583\" data-end=\"631\">NVIDIA T500 (12 Go total, 4 Go GDDR6 d\u00e9di\u00e9s)<\/strong>, offrant une puissance exceptionnelle pour le design, le rendu 3D ou les applications de CAO.<\/p>\n<p data-start=\"729\" data-end=\"897\">Son <strong data-start=\"733\" data-end=\"752\">\u00e9cran 14 pouces<\/strong> d\u00e9livre une qualit\u00e9 d\u2019image nette et pr\u00e9cise, tandis que sa <strong data-start=\"813\" data-end=\"853\">batterie de 5 \u00e0 6 heures d\u2019autonomie<\/strong> assure une libert\u00e9 totale en d\u00e9placement.<\/p>\n<p data-start=\"899\" data-end=\"1142\">Avec <strong data-start=\"904\" data-end=\"965\">Wi-Fi, Bluetooth, Thunderbolt, HDMI, lecteur de carte SIM<\/strong>, <strong data-start=\"967\" data-end=\"1001\">lecteur d\u2019empreintes digitales<\/strong>, <strong data-start=\"1003\" data-end=\"1027\">clavier r\u00e9tro\u00e9clair\u00e9<\/strong> et <strong data-start=\"1031\" data-end=\"1067\">reconnaissance faciale (Face ID)<\/strong>, le ThinkPad P14s allie confort, s\u00e9curit\u00e9 et connectivit\u00e9 haut de gamme.<\/p>\n<p data-start=\"1144\" data-end=\"1237\">Un v\u00e9ritable outil de <strong data-start=\"1166\" data-end=\"1197\">performance professionnelle<\/strong>, compact et taill\u00e9 pour l\u2019excellence.<\/p>","protected":false},"excerpt":{"rendered":"<p>Le <strong data-start=\"192\" data-end=\"216\">Lenovo ThinkPad P14s<\/strong> combine performance, mobilit\u00e9 et fiabilit\u00e9. Propuls\u00e9 par un <strong data-start=\"277\" data-end=\"323\">processeur Intel Core i7 de 11\u1d49 g\u00e9n\u00e9ration<\/strong> (8 c\u0153urs, 3.0 GHz, Turbo Boost jusqu\u2019\u00e0 4.8 GHz), <strong data-start=\"373\" data-end=\"389\">16 Go de RAM<\/strong> et un <strong data-start=\"396\" data-end=\"430\">SSD M.2 ultra-rapide de 512 Go<\/strong>, il garantit une productivit\u00e9 fluide m\u00eame pour les t\u00e2ches les plus exigeantes.<\/p>","protected":false},"featured_media":276,"comment_status":"open","ping_status":"closed","template":"","meta":{"_et_pb_use_builder":"","_et_pb_old_content":"","_et_gb_content_width":""},"product_brand":[],"product_cat":[20],"product_tag":[24],"class_list":{"0":"post-275","1":"product","2":"type-product","3":"status-publish","4":"has-post-thumbnail","6":"product_cat-laptop","7":"product_tag-lenovo","9":"first","10":"instock","11":"sale","12":"taxable","13":"shipping-taxable","14":"purchasable","15":"product-type-simple"},"yoast_head":"<!-- This site is optimized with the Yoast SEO plugin v27.4 - https:\/\/yoast.com\/product\/yoast-seo-wordpress\/ -->\n<title>Lenovo Thinkpad P14s - business-god.com<\/title>\n<meta name=\"description\" content=\"Le Lenovo ThinkPad P14s combine performance, mobilit\u00e9 et fiabilit\u00e9. Propuls\u00e9 par un processeur Intel Core i7 de 11\u1d49 g\u00e9n\u00e9ration (8 c\u0153urs, 3.0 GHz, Turbo Boost jusqu\u2019\u00e0 4.8 GHz), 16 Go de RAM et un SSD M.2 ultra-rapide de 512 Go, il garantit une productivit\u00e9 fluide m\u00eame pour les t\u00e2ches les plus exigeantes.\" \/>\n<meta name=\"robots\" content=\"index, follow, max-snippet:-1, max-image-preview:large, max-video-preview:-1\" \/>\n<link rel=\"canonical\" href=\"https:\/\/business-god.com\/en\/boutique\/lenovo-thinkpad-p14s\/\" \/>\n<meta property=\"og:locale\" content=\"en_US\" \/>\n<meta property=\"og:type\" content=\"article\" \/>\n<meta property=\"og:title\" content=\"Lenovo Thinkpad P14s - business-god.com\" \/>\n<meta property=\"og:description\" content=\"Le Lenovo ThinkPad P14s combine performance, mobilit\u00e9 et fiabilit\u00e9. Propuls\u00e9 par un processeur Intel Core i7 de 11\u1d49 g\u00e9n\u00e9ration (8 c\u0153urs, 3.0 GHz, Turbo Boost jusqu\u2019\u00e0 4.8 GHz), 16 Go de RAM et un SSD M.2 ultra-rapide de 512 Go, il garantit une productivit\u00e9 fluide m\u00eame pour les t\u00e2ches les plus exigeantes.\" \/>\n<meta property=\"og:url\" content=\"https:\/\/business-god.com\/en\/boutique\/lenovo-thinkpad-p14s\/\" \/>\n<meta property=\"og:site_name\" content=\"business-god.com\" \/>\n<meta property=\"article:modified_time\" content=\"2025-10-29T10:52:25+00:00\" \/>\n<meta property=\"og:image\" content=\"https:\/\/business-god.com\/wp-content\/uploads\/2025\/10\/Lenovo-270k.jpg\" \/>\n\t<meta property=\"og:image:width\" content=\"1024\" \/>\n\t<meta property=\"og:image:height\" content=\"1024\" \/>\n\t<meta property=\"og:image:type\" content=\"image\/jpeg\" \/>\n<meta name=\"twitter:card\" content=\"summary_large_image\" \/>\n<meta name=\"twitter:label1\" content=\"Est. reading time\" \/>\n\t<meta name=\"twitter:data1\" content=\"2 minutes\" \/>\n<script type=\"application\/ld+json\" class=\"yoast-schema-graph\">{\"@context\":\"https:\\\/\\\/schema.org\",\"@graph\":[{\"@type\":\"WebPage\",\"@id\":\"https:\\\/\\\/business-god.com\\\/boutique\\\/lenovo-thinkpad-p14s\\\/\",\"url\":\"https:\\\/\\\/business-god.com\\\/boutique\\\/lenovo-thinkpad-p14s\\\/\",\"name\":\"Lenovo Thinkpad P14s - business-god.com\",\"isPartOf\":{\"@id\":\"https:\\\/\\\/business-god.com\\\/#website\"},\"primaryImageOfPage\":{\"@id\":\"https:\\\/\\\/business-god.com\\\/boutique\\\/lenovo-thinkpad-p14s\\\/#primaryimage\"},\"image\":{\"@id\":\"https:\\\/\\\/business-god.com\\\/boutique\\\/lenovo-thinkpad-p14s\\\/#primaryimage\"},\"thumbnailUrl\":\"https:\\\/\\\/business-god.com\\\/wp-content\\\/uploads\\\/2025\\\/10\\\/Lenovo-270k.jpg\",\"datePublished\":\"2025-10-29T10:52:24+00:00\",\"dateModified\":\"2025-10-29T10:52:25+00:00\",\"description\":\"Le Lenovo ThinkPad P14s combine performance, mobilit\u00e9 et fiabilit\u00e9. Propuls\u00e9 par un processeur Intel Core i7 de 11\u1d49 g\u00e9n\u00e9ration (8 c\u0153urs, 3.0 GHz, Turbo Boost jusqu\u2019\u00e0 4.8 GHz), 16 Go de RAM et un SSD M.2 ultra-rapide de 512 Go, il garantit une productivit\u00e9 fluide m\u00eame pour les t\u00e2ches les plus exigeantes.\",\"breadcrumb\":{\"@id\":\"https:\\\/\\\/business-god.com\\\/boutique\\\/lenovo-thinkpad-p14s\\\/#breadcrumb\"},\"inLanguage\":\"en-US\",\"potentialAction\":[{\"@type\":\"ReadAction\",\"target\":[\"https:\\\/\\\/business-god.com\\\/boutique\\\/lenovo-thinkpad-p14s\\\/\"]}]},{\"@type\":\"ImageObject\",\"inLanguage\":\"en-US\",\"@id\":\"https:\\\/\\\/business-god.com\\\/boutique\\\/lenovo-thinkpad-p14s\\\/#primaryimage\",\"url\":\"https:\\\/\\\/business-god.com\\\/wp-content\\\/uploads\\\/2025\\\/10\\\/Lenovo-270k.jpg\",\"contentUrl\":\"https:\\\/\\\/business-god.com\\\/wp-content\\\/uploads\\\/2025\\\/10\\\/Lenovo-270k.jpg\",\"width\":1024,\"height\":1024},{\"@type\":\"BreadcrumbList\",\"@id\":\"https:\\\/\\\/business-god.com\\\/boutique\\\/lenovo-thinkpad-p14s\\\/#breadcrumb\",\"itemListElement\":[{\"@type\":\"ListItem\",\"position\":1,\"name\":\"Home\",\"item\":\"https:\\\/\\\/business-god.com\\\/\"},{\"@type\":\"ListItem\",\"position\":2,\"name\":\"Boutique\",\"item\":\"https:\\\/\\\/business-god.com\\\/boutique\\\/\"},{\"@type\":\"ListItem\",\"position\":3,\"name\":\"Lenovo Thinkpad P14s\"}]},{\"@type\":\"WebSite\",\"@id\":\"https:\\\/\\\/business-god.com\\\/#website\",\"url\":\"https:\\\/\\\/business-god.com\\\/\",\"name\":\"business-god.com\",\"description\":\"L\u2019excellence au service du digital et de la performance\",\"potentialAction\":[{\"@type\":\"SearchAction\",\"target\":{\"@type\":\"EntryPoint\",\"urlTemplate\":\"https:\\\/\\\/business-god.com\\\/?s={search_term_string}\"},\"query-input\":{\"@type\":\"PropertyValueSpecification\",\"valueRequired\":true,\"valueName\":\"search_term_string\"}}],\"inLanguage\":\"en-US\"}]}<\/script>\n<!-- \/ Yoast SEO plugin. -->","yoast_head_json":{"title":"Lenovo Thinkpad P14s - business-god.com","description":"Le Lenovo ThinkPad P14s combine performance, mobilit\u00e9 et fiabilit\u00e9. Propuls\u00e9 par un processeur Intel Core i7 de 11\u1d49 g\u00e9n\u00e9ration (8 c\u0153urs, 3.0 GHz, Turbo Boost jusqu\u2019\u00e0 4.8 GHz), 16 Go de RAM et un SSD M.2 ultra-rapide de 512 Go, il garantit une productivit\u00e9 fluide m\u00eame pour les t\u00e2ches les plus exigeantes.","robots":{"index":"index","follow":"follow","max-snippet":"max-snippet:-1","max-image-preview":"max-image-preview:large","max-video-preview":"max-video-preview:-1"},"canonical":"https:\/\/business-god.com\/en\/boutique\/lenovo-thinkpad-p14s\/","og_locale":"en_US","og_type":"article","og_title":"Lenovo Thinkpad P14s - business-god.com","og_description":"Le Lenovo ThinkPad P14s combine performance, mobilit\u00e9 et fiabilit\u00e9. Propuls\u00e9 par un processeur Intel Core i7 de 11\u1d49 g\u00e9n\u00e9ration (8 c\u0153urs, 3.0 GHz, Turbo Boost jusqu\u2019\u00e0 4.8 GHz), 16 Go de RAM et un SSD M.2 ultra-rapide de 512 Go, il garantit une productivit\u00e9 fluide m\u00eame pour les t\u00e2ches les plus exigeantes.","og_url":"https:\/\/business-god.com\/en\/boutique\/lenovo-thinkpad-p14s\/","og_site_name":"business-god.com","article_modified_time":"2025-10-29T10:52:25+00:00","og_image":[{"width":1024,"height":1024,"url":"https:\/\/business-god.com\/wp-content\/uploads\/2025\/10\/Lenovo-270k.jpg","type":"image\/jpeg"}],"twitter_card":"summary_large_image","twitter_misc":{"Est. reading time":"2 minutes"},"schema":{"@context":"https:\/\/schema.org","@graph":[{"@type":"WebPage","@id":"https:\/\/business-god.com\/boutique\/lenovo-thinkpad-p14s\/","url":"https:\/\/business-god.com\/boutique\/lenovo-thinkpad-p14s\/","name":"Lenovo Thinkpad P14s - business-god.com","isPartOf":{"@id":"https:\/\/business-god.com\/#website"},"primaryImageOfPage":{"@id":"https:\/\/business-god.com\/boutique\/lenovo-thinkpad-p14s\/#primaryimage"},"image":{"@id":"https:\/\/business-god.com\/boutique\/lenovo-thinkpad-p14s\/#primaryimage"},"thumbnailUrl":"https:\/\/business-god.com\/wp-content\/uploads\/2025\/10\/Lenovo-270k.jpg","datePublished":"2025-10-29T10:52:24+00:00","dateModified":"2025-10-29T10:52:25+00:00","description":"Le Lenovo ThinkPad P14s combine performance, mobilit\u00e9 et fiabilit\u00e9. Propuls\u00e9 par un processeur Intel Core i7 de 11\u1d49 g\u00e9n\u00e9ration (8 c\u0153urs, 3.0 GHz, Turbo Boost jusqu\u2019\u00e0 4.8 GHz), 16 Go de RAM et un SSD M.2 ultra-rapide de 512 Go, il garantit une productivit\u00e9 fluide m\u00eame pour les t\u00e2ches les plus exigeantes.","breadcrumb":{"@id":"https:\/\/business-god.com\/boutique\/lenovo-thinkpad-p14s\/#breadcrumb"},"inLanguage":"en-US","potentialAction":[{"@type":"ReadAction","target":["https:\/\/business-god.com\/boutique\/lenovo-thinkpad-p14s\/"]}]},{"@type":"ImageObject","inLanguage":"en-US","@id":"https:\/\/business-god.com\/boutique\/lenovo-thinkpad-p14s\/#primaryimage","url":"https:\/\/business-god.com\/wp-content\/uploads\/2025\/10\/Lenovo-270k.jpg","contentUrl":"https:\/\/business-god.com\/wp-content\/uploads\/2025\/10\/Lenovo-270k.jpg","width":1024,"height":1024},{"@type":"BreadcrumbList","@id":"https:\/\/business-god.com\/boutique\/lenovo-thinkpad-p14s\/#breadcrumb","itemListElement":[{"@type":"ListItem","position":1,"name":"Home","item":"https:\/\/business-god.com\/"},{"@type":"ListItem","position":2,"name":"Boutique","item":"https:\/\/business-god.com\/boutique\/"},{"@type":"ListItem","position":3,"name":"Lenovo Thinkpad P14s"}]},{"@type":"WebSite","@id":"https:\/\/business-god.com\/#website","url":"https:\/\/business-god.com\/","name":"business-god.com","description":"L\u2019excellence au service du digital et de la performance","potentialAction":[{"@type":"SearchAction","target":{"@type":"EntryPoint","urlTemplate":"https:\/\/business-god.com\/?s={search_term_string}"},"query-input":{"@type":"PropertyValueSpecification","valueRequired":true,"valueName":"search_term_string"}}],"inLanguage":"en-US"}]}},"jetpack_sharing_enabled":true,"_links":{"self":[{"href":"https:\/\/business-god.com\/en\/wp-json\/wp\/v2\/product\/275","targetHints":{"allow":["GET"]}}],"collection":[{"href":"https:\/\/business-god.com\/en\/wp-json\/wp\/v2\/product"}],"about":[{"href":"https:\/\/business-god.com\/en\/wp-json\/wp\/v2\/types\/product"}],"replies":[{"embeddable":true,"href":"https:\/\/business-god.com\/en\/wp-json\/wp\/v2\/comments?post=275"}],"wp:featuredmedia":[{"embeddable":true,"href":"https:\/\/business-god.com\/en\/wp-json\/wp\/v2\/media\/276"}],"wp:attachment":[{"href":"https:\/\/business-god.com\/en\/wp-json\/wp\/v2\/media?parent=275"}],"wp:term":[{"taxonomy":"product_brand","embeddable":true,"href":"https:\/\/business-god.com\/en\/wp-json\/wp\/v2\/product_brand?post=275"},{"taxonomy":"product_cat","embeddable":true,"href":"https:\/\/business-god.com\/en\/wp-json\/wp\/v2\/product_cat?post=275"},{"taxonomy":"product_tag","embeddable":true,"href":"https:\/\/business-god.com\/en\/wp-json\/wp\/v2\/product_tag?post=275"}],"curies":[{"name":"wp","href":"https:\/\/api.w.org\/{rel}","templated":true}]}}