{"id":273,"date":"2025-10-29T11:34:13","date_gmt":"2025-10-29T10:34:13","guid":{"rendered":"https:\/\/business-god.com\/?post_type=product&#038;p=273"},"modified":"2025-10-29T11:42:13","modified_gmt":"2025-10-29T10:42:13","slug":"lenovo-thinkpad-t480s","status":"publish","type":"product","link":"https:\/\/business-god.com\/en\/boutique\/lenovo-thinkpad-t480s\/","title":{"rendered":"Lenovo Thinkpad T480s"},"content":{"rendered":"<p data-start=\"211\" data-end=\"580\">Le <strong data-start=\"214\" data-end=\"239\">Lenovo ThinkPad T460s<\/strong> associe puissance et l\u00e9g\u00e8ret\u00e9 pour r\u00e9pondre aux besoins des professionnels modernes. Dot\u00e9 d\u2019un <strong data-start=\"335\" data-end=\"380\">processeur Intel Core i7 de 8\u1d49 g\u00e9n\u00e9ration<\/strong> (2.0 GHz, Turbo Boost jusqu\u2019\u00e0 4.2 GHz, 8 c\u0153urs), de <strong data-start=\"433\" data-end=\"449\">16 Go de RAM<\/strong> et d\u2019un <strong data-start=\"458\" data-end=\"482\">SSD rapide de 256 Go<\/strong>, il offre une r\u00e9activit\u00e9 exceptionnelle et une ex\u00e9cution fluide des t\u00e2ches les plus exigeantes.<\/p>\n<p data-start=\"582\" data-end=\"788\">Son <strong data-start=\"586\" data-end=\"605\">\u00e9cran 14 pouces<\/strong> assure une excellente qualit\u00e9 d\u2019affichage, soutenu par la <strong data-start=\"664\" data-end=\"697\">carte graphique Intel UHD 620<\/strong> (10 Go de m\u00e9moire totale dont 2 Go d\u00e9di\u00e9e) pour une exp\u00e9rience visuelle nette et fluide.<\/p>\n<p data-start=\"790\" data-end=\"1083\">Avec une <strong data-start=\"799\" data-end=\"831\">autonomie d\u2019environ 5 heures<\/strong>, une connectivit\u00e9 compl\u00e8te (<strong data-start=\"860\" data-end=\"914\">Wi-Fi, Bluetooth, RJ45, HDMI, lecteur de carte SIM<\/strong>) et des fonctionnalit\u00e9s avanc\u00e9es telles que le <strong data-start=\"962\" data-end=\"996\">lecteur d\u2019empreintes digitales<\/strong> et le <strong data-start=\"1003\" data-end=\"1027\">clavier r\u00e9tro\u00e9clair\u00e9<\/strong>, ce ThinkPad incarne la fiabilit\u00e9 et la productivit\u00e9.<\/p>\n<p data-start=\"1085\" data-end=\"1250\">Robuste, \u00e9l\u00e9gant et optimis\u00e9 pour la performance, le <strong data-start=\"1138\" data-end=\"1156\">ThinkPad T460s<\/strong> est le partenaire id\u00e9al pour les professionnels \u00e0 la recherche d\u2019efficacit\u00e9 et de mobilit\u00e9.<\/p>","protected":false},"excerpt":{"rendered":"<p>Le <strong data-start=\"214\" data-end=\"239\">Lenovo ThinkPad T460s<\/strong> associe puissance et l\u00e9g\u00e8ret\u00e9 pour r\u00e9pondre aux besoins des professionnels modernes. Dot\u00e9 d\u2019un <strong data-start=\"335\" data-end=\"380\">processeur Intel Core i7 de 8\u1d49 g\u00e9n\u00e9ration<\/strong> (2.0 GHz, Turbo Boost jusqu\u2019\u00e0 4.2 GHz, 8 c\u0153urs), de <strong data-start=\"433\" data-end=\"449\">16 Go de RAM<\/strong> et d\u2019un <strong data-start=\"458\" data-end=\"482\">SSD rapide de 256 Go<\/strong>, il offre une r\u00e9activit\u00e9 exceptionnelle et une ex\u00e9cution fluide des t\u00e2ches les plus exigeantes.<\/p>","protected":false},"featured_media":274,"comment_status":"open","ping_status":"closed","template":"","meta":{"_et_pb_use_builder":"","_et_pb_old_content":"","_et_gb_content_width":""},"product_brand":[],"product_cat":[20],"product_tag":[24],"class_list":{"0":"post-273","1":"product","2":"type-product","3":"status-publish","4":"has-post-thumbnail","6":"product_cat-laptop","7":"product_tag-lenovo","9":"first","10":"instock","11":"sale","12":"taxable","13":"shipping-taxable","14":"purchasable","15":"product-type-simple"},"yoast_head":"<!-- This site is optimized with the Yoast SEO plugin v27.4 - https:\/\/yoast.com\/product\/yoast-seo-wordpress\/ -->\n<title>Lenovo Thinkpad T480s - business-god.com<\/title>\n<meta name=\"description\" content=\"Le Lenovo ThinkPad T460s associe puissance et l\u00e9g\u00e8ret\u00e9 pour r\u00e9pondre aux besoins des professionnels modernes. Dot\u00e9 d\u2019un processeur Intel Core i7 de 8\u1d49 g\u00e9n\u00e9ration (2.0 GHz, Turbo Boost jusqu\u2019\u00e0 4.2 GHz, 8 c\u0153urs), de 16 Go de RAM et d\u2019un SSD rapide de 256 Go, il offre une r\u00e9activit\u00e9 exceptionnelle et une ex\u00e9cution fluide des t\u00e2ches les plus exigeantes.\" \/>\n<meta name=\"robots\" content=\"index, follow, max-snippet:-1, max-image-preview:large, max-video-preview:-1\" \/>\n<link rel=\"canonical\" href=\"https:\/\/business-god.com\/en\/boutique\/lenovo-thinkpad-t480s\/\" \/>\n<meta property=\"og:locale\" content=\"en_US\" \/>\n<meta property=\"og:type\" content=\"article\" \/>\n<meta property=\"og:title\" content=\"Lenovo Thinkpad T480s - business-god.com\" \/>\n<meta property=\"og:description\" content=\"Le Lenovo ThinkPad T460s associe puissance et l\u00e9g\u00e8ret\u00e9 pour r\u00e9pondre aux besoins des professionnels modernes. Dot\u00e9 d\u2019un processeur Intel Core i7 de 8\u1d49 g\u00e9n\u00e9ration (2.0 GHz, Turbo Boost jusqu\u2019\u00e0 4.2 GHz, 8 c\u0153urs), de 16 Go de RAM et d\u2019un SSD rapide de 256 Go, il offre une r\u00e9activit\u00e9 exceptionnelle et une ex\u00e9cution fluide des t\u00e2ches les plus exigeantes.\" \/>\n<meta property=\"og:url\" content=\"https:\/\/business-god.com\/en\/boutique\/lenovo-thinkpad-t480s\/\" \/>\n<meta property=\"og:site_name\" content=\"business-god.com\" \/>\n<meta property=\"article:modified_time\" content=\"2025-10-29T10:42:13+00:00\" \/>\n<meta property=\"og:image\" content=\"https:\/\/business-god.com\/wp-content\/uploads\/2025\/10\/Lenovo-140k.jpg\" \/>\n\t<meta property=\"og:image:width\" content=\"1024\" \/>\n\t<meta property=\"og:image:height\" content=\"1024\" \/>\n\t<meta property=\"og:image:type\" content=\"image\/jpeg\" \/>\n<meta name=\"twitter:card\" content=\"summary_large_image\" \/>\n<meta name=\"twitter:label1\" content=\"Est. reading time\" \/>\n\t<meta name=\"twitter:data1\" content=\"1 minute\" \/>\n<script type=\"application\/ld+json\" class=\"yoast-schema-graph\">{\"@context\":\"https:\\\/\\\/schema.org\",\"@graph\":[{\"@type\":\"WebPage\",\"@id\":\"https:\\\/\\\/business-god.com\\\/boutique\\\/lenovo-thinkpad-t480s\\\/\",\"url\":\"https:\\\/\\\/business-god.com\\\/boutique\\\/lenovo-thinkpad-t480s\\\/\",\"name\":\"Lenovo Thinkpad T480s - business-god.com\",\"isPartOf\":{\"@id\":\"https:\\\/\\\/business-god.com\\\/#website\"},\"primaryImageOfPage\":{\"@id\":\"https:\\\/\\\/business-god.com\\\/boutique\\\/lenovo-thinkpad-t480s\\\/#primaryimage\"},\"image\":{\"@id\":\"https:\\\/\\\/business-god.com\\\/boutique\\\/lenovo-thinkpad-t480s\\\/#primaryimage\"},\"thumbnailUrl\":\"https:\\\/\\\/business-god.com\\\/wp-content\\\/uploads\\\/2025\\\/10\\\/Lenovo-140k.jpg\",\"datePublished\":\"2025-10-29T10:34:13+00:00\",\"dateModified\":\"2025-10-29T10:42:13+00:00\",\"description\":\"Le Lenovo ThinkPad T460s associe puissance et l\u00e9g\u00e8ret\u00e9 pour r\u00e9pondre aux besoins des professionnels modernes. Dot\u00e9 d\u2019un processeur Intel Core i7 de 8\u1d49 g\u00e9n\u00e9ration (2.0 GHz, Turbo Boost jusqu\u2019\u00e0 4.2 GHz, 8 c\u0153urs), de 16 Go de RAM et d\u2019un SSD rapide de 256 Go, il offre une r\u00e9activit\u00e9 exceptionnelle et une ex\u00e9cution fluide des t\u00e2ches les plus exigeantes.\",\"breadcrumb\":{\"@id\":\"https:\\\/\\\/business-god.com\\\/boutique\\\/lenovo-thinkpad-t480s\\\/#breadcrumb\"},\"inLanguage\":\"en-US\",\"potentialAction\":[{\"@type\":\"ReadAction\",\"target\":[\"https:\\\/\\\/business-god.com\\\/boutique\\\/lenovo-thinkpad-t480s\\\/\"]}]},{\"@type\":\"ImageObject\",\"inLanguage\":\"en-US\",\"@id\":\"https:\\\/\\\/business-god.com\\\/boutique\\\/lenovo-thinkpad-t480s\\\/#primaryimage\",\"url\":\"https:\\\/\\\/business-god.com\\\/wp-content\\\/uploads\\\/2025\\\/10\\\/Lenovo-140k.jpg\",\"contentUrl\":\"https:\\\/\\\/business-god.com\\\/wp-content\\\/uploads\\\/2025\\\/10\\\/Lenovo-140k.jpg\",\"width\":1024,\"height\":1024},{\"@type\":\"BreadcrumbList\",\"@id\":\"https:\\\/\\\/business-god.com\\\/boutique\\\/lenovo-thinkpad-t480s\\\/#breadcrumb\",\"itemListElement\":[{\"@type\":\"ListItem\",\"position\":1,\"name\":\"Home\",\"item\":\"https:\\\/\\\/business-god.com\\\/\"},{\"@type\":\"ListItem\",\"position\":2,\"name\":\"Boutique\",\"item\":\"https:\\\/\\\/business-god.com\\\/boutique\\\/\"},{\"@type\":\"ListItem\",\"position\":3,\"name\":\"Lenovo Thinkpad T480s\"}]},{\"@type\":\"WebSite\",\"@id\":\"https:\\\/\\\/business-god.com\\\/#website\",\"url\":\"https:\\\/\\\/business-god.com\\\/\",\"name\":\"business-god.com\",\"description\":\"L\u2019excellence au service du digital et de la performance\",\"potentialAction\":[{\"@type\":\"SearchAction\",\"target\":{\"@type\":\"EntryPoint\",\"urlTemplate\":\"https:\\\/\\\/business-god.com\\\/?s={search_term_string}\"},\"query-input\":{\"@type\":\"PropertyValueSpecification\",\"valueRequired\":true,\"valueName\":\"search_term_string\"}}],\"inLanguage\":\"en-US\"}]}<\/script>\n<!-- \/ Yoast SEO plugin. -->","yoast_head_json":{"title":"Lenovo Thinkpad T480s - business-god.com","description":"Le Lenovo ThinkPad T460s associe puissance et l\u00e9g\u00e8ret\u00e9 pour r\u00e9pondre aux besoins des professionnels modernes. Dot\u00e9 d\u2019un processeur Intel Core i7 de 8\u1d49 g\u00e9n\u00e9ration (2.0 GHz, Turbo Boost jusqu\u2019\u00e0 4.2 GHz, 8 c\u0153urs), de 16 Go de RAM et d\u2019un SSD rapide de 256 Go, il offre une r\u00e9activit\u00e9 exceptionnelle et une ex\u00e9cution fluide des t\u00e2ches les plus exigeantes.","robots":{"index":"index","follow":"follow","max-snippet":"max-snippet:-1","max-image-preview":"max-image-preview:large","max-video-preview":"max-video-preview:-1"},"canonical":"https:\/\/business-god.com\/en\/boutique\/lenovo-thinkpad-t480s\/","og_locale":"en_US","og_type":"article","og_title":"Lenovo Thinkpad T480s - business-god.com","og_description":"Le Lenovo ThinkPad T460s associe puissance et l\u00e9g\u00e8ret\u00e9 pour r\u00e9pondre aux besoins des professionnels modernes. Dot\u00e9 d\u2019un processeur Intel Core i7 de 8\u1d49 g\u00e9n\u00e9ration (2.0 GHz, Turbo Boost jusqu\u2019\u00e0 4.2 GHz, 8 c\u0153urs), de 16 Go de RAM et d\u2019un SSD rapide de 256 Go, il offre une r\u00e9activit\u00e9 exceptionnelle et une ex\u00e9cution fluide des t\u00e2ches les plus exigeantes.","og_url":"https:\/\/business-god.com\/en\/boutique\/lenovo-thinkpad-t480s\/","og_site_name":"business-god.com","article_modified_time":"2025-10-29T10:42:13+00:00","og_image":[{"width":1024,"height":1024,"url":"https:\/\/business-god.com\/wp-content\/uploads\/2025\/10\/Lenovo-140k.jpg","type":"image\/jpeg"}],"twitter_card":"summary_large_image","twitter_misc":{"Est. reading time":"1 minute"},"schema":{"@context":"https:\/\/schema.org","@graph":[{"@type":"WebPage","@id":"https:\/\/business-god.com\/boutique\/lenovo-thinkpad-t480s\/","url":"https:\/\/business-god.com\/boutique\/lenovo-thinkpad-t480s\/","name":"Lenovo Thinkpad T480s - business-god.com","isPartOf":{"@id":"https:\/\/business-god.com\/#website"},"primaryImageOfPage":{"@id":"https:\/\/business-god.com\/boutique\/lenovo-thinkpad-t480s\/#primaryimage"},"image":{"@id":"https:\/\/business-god.com\/boutique\/lenovo-thinkpad-t480s\/#primaryimage"},"thumbnailUrl":"https:\/\/business-god.com\/wp-content\/uploads\/2025\/10\/Lenovo-140k.jpg","datePublished":"2025-10-29T10:34:13+00:00","dateModified":"2025-10-29T10:42:13+00:00","description":"Le Lenovo ThinkPad T460s associe puissance et l\u00e9g\u00e8ret\u00e9 pour r\u00e9pondre aux besoins des professionnels modernes. Dot\u00e9 d\u2019un processeur Intel Core i7 de 8\u1d49 g\u00e9n\u00e9ration (2.0 GHz, Turbo Boost jusqu\u2019\u00e0 4.2 GHz, 8 c\u0153urs), de 16 Go de RAM et d\u2019un SSD rapide de 256 Go, il offre une r\u00e9activit\u00e9 exceptionnelle et une ex\u00e9cution fluide des t\u00e2ches les plus exigeantes.","breadcrumb":{"@id":"https:\/\/business-god.com\/boutique\/lenovo-thinkpad-t480s\/#breadcrumb"},"inLanguage":"en-US","potentialAction":[{"@type":"ReadAction","target":["https:\/\/business-god.com\/boutique\/lenovo-thinkpad-t480s\/"]}]},{"@type":"ImageObject","inLanguage":"en-US","@id":"https:\/\/business-god.com\/boutique\/lenovo-thinkpad-t480s\/#primaryimage","url":"https:\/\/business-god.com\/wp-content\/uploads\/2025\/10\/Lenovo-140k.jpg","contentUrl":"https:\/\/business-god.com\/wp-content\/uploads\/2025\/10\/Lenovo-140k.jpg","width":1024,"height":1024},{"@type":"BreadcrumbList","@id":"https:\/\/business-god.com\/boutique\/lenovo-thinkpad-t480s\/#breadcrumb","itemListElement":[{"@type":"ListItem","position":1,"name":"Home","item":"https:\/\/business-god.com\/"},{"@type":"ListItem","position":2,"name":"Boutique","item":"https:\/\/business-god.com\/boutique\/"},{"@type":"ListItem","position":3,"name":"Lenovo Thinkpad T480s"}]},{"@type":"WebSite","@id":"https:\/\/business-god.com\/#website","url":"https:\/\/business-god.com\/","name":"business-god.com","description":"L\u2019excellence au service du digital et de la performance","potentialAction":[{"@type":"SearchAction","target":{"@type":"EntryPoint","urlTemplate":"https:\/\/business-god.com\/?s={search_term_string}"},"query-input":{"@type":"PropertyValueSpecification","valueRequired":true,"valueName":"search_term_string"}}],"inLanguage":"en-US"}]}},"jetpack_sharing_enabled":true,"_links":{"self":[{"href":"https:\/\/business-god.com\/en\/wp-json\/wp\/v2\/product\/273","targetHints":{"allow":["GET"]}}],"collection":[{"href":"https:\/\/business-god.com\/en\/wp-json\/wp\/v2\/product"}],"about":[{"href":"https:\/\/business-god.com\/en\/wp-json\/wp\/v2\/types\/product"}],"replies":[{"embeddable":true,"href":"https:\/\/business-god.com\/en\/wp-json\/wp\/v2\/comments?post=273"}],"wp:featuredmedia":[{"embeddable":true,"href":"https:\/\/business-god.com\/en\/wp-json\/wp\/v2\/media\/274"}],"wp:attachment":[{"href":"https:\/\/business-god.com\/en\/wp-json\/wp\/v2\/media?parent=273"}],"wp:term":[{"taxonomy":"product_brand","embeddable":true,"href":"https:\/\/business-god.com\/en\/wp-json\/wp\/v2\/product_brand?post=273"},{"taxonomy":"product_cat","embeddable":true,"href":"https:\/\/business-god.com\/en\/wp-json\/wp\/v2\/product_cat?post=273"},{"taxonomy":"product_tag","embeddable":true,"href":"https:\/\/business-god.com\/en\/wp-json\/wp\/v2\/product_tag?post=273"}],"curies":[{"name":"wp","href":"https:\/\/api.w.org\/{rel}","templated":true}]}}