{"id":271,"date":"2025-10-29T11:25:23","date_gmt":"2025-10-29T10:25:23","guid":{"rendered":"https:\/\/business-god.com\/?post_type=product&#038;p=271"},"modified":"2025-10-29T11:41:43","modified_gmt":"2025-10-29T10:41:43","slug":"lenovo-thinkpad-t460s","status":"publish","type":"product","link":"https:\/\/business-god.com\/en\/boutique\/lenovo-thinkpad-t460s\/","title":{"rendered":"Lenovo Thinkpad T460s"},"content":{"rendered":"<p data-start=\"180\" data-end=\"571\">Le <strong data-start=\"183\" data-end=\"208\">Lenovo ThinkPad T460s<\/strong> est un ultraportable puissant et robuste, con\u00e7u pour les professionnels exigeants. \u00c9quip\u00e9 d\u2019un <strong data-start=\"304\" data-end=\"349\">processeur Intel Core i5 de 6\u1d49 g\u00e9n\u00e9ration<\/strong> (2.4 GHz, Turbo Boost jusqu\u2019\u00e0 2.8 GHz, 4 c\u0153urs), de <strong data-start=\"402\" data-end=\"417\">8 Go de RAM<\/strong> et d\u2019un <strong data-start=\"426\" data-end=\"450\">SSD rapide de 256 Go<\/strong>, il offre une excellente fluidit\u00e9 et des performances stables pour le multit\u00e2che et les applications professionnelles.<\/p>\n<p data-start=\"573\" data-end=\"814\">Son <strong data-start=\"577\" data-end=\"596\">\u00e9cran 14 pouces<\/strong> garantit un confort visuel optimal, soutenu par une <strong data-start=\"649\" data-end=\"681\">carte graphique Intel HD 520<\/strong> avec 5 Go de m\u00e9moire partag\u00e9e. Avec une <strong data-start=\"722\" data-end=\"754\">autonomie d\u2019environ 5 heures<\/strong>, il reste un alli\u00e9 fiable pour le travail en d\u00e9placement.<\/p>\n<p data-start=\"816\" data-end=\"1113\">C\u00f4t\u00e9 connectivit\u00e9, il int\u00e8gre <strong data-start=\"846\" data-end=\"920\">le Wi-Fi, le Bluetooth, un port RJ45, un HDMI, un lecteur de carte SIM<\/strong>, ainsi qu\u2019un <strong data-start=\"934\" data-end=\"968\">lecteur d\u2019empreintes digitales<\/strong> pour plus de s\u00e9curit\u00e9. Son <strong data-start=\"996\" data-end=\"1020\">clavier r\u00e9tro\u00e9clair\u00e9<\/strong> compl\u00e8te le tout, offrant confort et efficacit\u00e9 m\u00eame dans les environnements peu lumineux.<\/p>\n<p data-start=\"1115\" data-end=\"1239\">Solide, \u00e9l\u00e9gant et performant, le <strong data-start=\"1149\" data-end=\"1167\">ThinkPad T460s<\/strong> reste une valeur s\u00fbre pour allier mobilit\u00e9, s\u00e9curit\u00e9 et productivit\u00e9.<\/p>","protected":false},"excerpt":{"rendered":"<p>Le <strong data-start=\"183\" data-end=\"208\">Lenovo ThinkPad T460s<\/strong> est un ultraportable puissant et robuste, con\u00e7u pour les professionnels exigeants. \u00c9quip\u00e9 d\u2019un <strong data-start=\"304\" data-end=\"349\">processeur Intel Core i5 de 6\u1d49 g\u00e9n\u00e9ration<\/strong> (2.4 GHz, Turbo Boost jusqu\u2019\u00e0 2.8 GHz, 4 c\u0153urs), de <strong data-start=\"402\" data-end=\"417\">8 Go de RAM<\/strong> et d\u2019un <strong data-start=\"426\" data-end=\"450\">SSD rapide de 256 Go<\/strong>, il offre une excellente fluidit\u00e9 et des performances stables pour le multit\u00e2che et les applications professionnelles.<\/p>","protected":false},"featured_media":272,"comment_status":"open","ping_status":"closed","template":"","meta":{"_et_pb_use_builder":"","_et_pb_old_content":"","_et_gb_content_width":""},"product_brand":[],"product_cat":[20],"product_tag":[24],"class_list":{"0":"post-271","1":"product","2":"type-product","3":"status-publish","4":"has-post-thumbnail","6":"product_cat-laptop","7":"product_tag-lenovo","9":"first","10":"instock","11":"sale","12":"taxable","13":"shipping-taxable","14":"purchasable","15":"product-type-simple"},"yoast_head":"<!-- This site is optimized with the Yoast SEO plugin v27.4 - https:\/\/yoast.com\/product\/yoast-seo-wordpress\/ -->\n<title>Lenovo Thinkpad T460s - business-god.com<\/title>\n<meta name=\"description\" content=\"Le Lenovo ThinkPad T460s est un ultraportable puissant et robuste, con\u00e7u pour les professionnels exigeants. \u00c9quip\u00e9 d\u2019un processeur Intel Core i5 de 6\u1d49 g\u00e9n\u00e9ration (2.4 GHz, Turbo Boost jusqu\u2019\u00e0 2.8 GHz, 4 c\u0153urs), de 8 Go de RAM et d\u2019un SSD rapide de 256 Go, il offre une excellente fluidit\u00e9 et des performances stables pour le multit\u00e2che et les applications professionnelles.\" \/>\n<meta name=\"robots\" content=\"index, follow, max-snippet:-1, max-image-preview:large, max-video-preview:-1\" \/>\n<link rel=\"canonical\" href=\"https:\/\/business-god.com\/en\/boutique\/lenovo-thinkpad-t460s\/\" \/>\n<meta property=\"og:locale\" content=\"en_US\" \/>\n<meta property=\"og:type\" content=\"article\" \/>\n<meta property=\"og:title\" content=\"Lenovo Thinkpad T460s - business-god.com\" \/>\n<meta property=\"og:description\" content=\"Le Lenovo ThinkPad T460s est un ultraportable puissant et robuste, con\u00e7u pour les professionnels exigeants. \u00c9quip\u00e9 d\u2019un processeur Intel Core i5 de 6\u1d49 g\u00e9n\u00e9ration (2.4 GHz, Turbo Boost jusqu\u2019\u00e0 2.8 GHz, 4 c\u0153urs), de 8 Go de RAM et d\u2019un SSD rapide de 256 Go, il offre une excellente fluidit\u00e9 et des performances stables pour le multit\u00e2che et les applications professionnelles.\" \/>\n<meta property=\"og:url\" content=\"https:\/\/business-god.com\/en\/boutique\/lenovo-thinkpad-t460s\/\" \/>\n<meta property=\"og:site_name\" content=\"business-god.com\" \/>\n<meta property=\"article:modified_time\" content=\"2025-10-29T10:41:43+00:00\" \/>\n<meta property=\"og:image\" content=\"https:\/\/business-god.com\/wp-content\/uploads\/2025\/10\/Lenovo-100k.jpg\" \/>\n\t<meta property=\"og:image:width\" content=\"1024\" \/>\n\t<meta property=\"og:image:height\" content=\"1024\" \/>\n\t<meta property=\"og:image:type\" content=\"image\/jpeg\" \/>\n<meta name=\"twitter:card\" content=\"summary_large_image\" \/>\n<meta name=\"twitter:label1\" content=\"Est. reading time\" \/>\n\t<meta name=\"twitter:data1\" content=\"2 minutes\" \/>\n<script type=\"application\/ld+json\" class=\"yoast-schema-graph\">{\"@context\":\"https:\\\/\\\/schema.org\",\"@graph\":[{\"@type\":\"WebPage\",\"@id\":\"https:\\\/\\\/business-god.com\\\/boutique\\\/lenovo-thinkpad-t460s\\\/\",\"url\":\"https:\\\/\\\/business-god.com\\\/boutique\\\/lenovo-thinkpad-t460s\\\/\",\"name\":\"Lenovo Thinkpad T460s - business-god.com\",\"isPartOf\":{\"@id\":\"https:\\\/\\\/business-god.com\\\/#website\"},\"primaryImageOfPage\":{\"@id\":\"https:\\\/\\\/business-god.com\\\/boutique\\\/lenovo-thinkpad-t460s\\\/#primaryimage\"},\"image\":{\"@id\":\"https:\\\/\\\/business-god.com\\\/boutique\\\/lenovo-thinkpad-t460s\\\/#primaryimage\"},\"thumbnailUrl\":\"https:\\\/\\\/business-god.com\\\/wp-content\\\/uploads\\\/2025\\\/10\\\/Lenovo-100k.jpg\",\"datePublished\":\"2025-10-29T10:25:23+00:00\",\"dateModified\":\"2025-10-29T10:41:43+00:00\",\"description\":\"Le Lenovo ThinkPad T460s est un ultraportable puissant et robuste, con\u00e7u pour les professionnels exigeants. \u00c9quip\u00e9 d\u2019un processeur Intel Core i5 de 6\u1d49 g\u00e9n\u00e9ration (2.4 GHz, Turbo Boost jusqu\u2019\u00e0 2.8 GHz, 4 c\u0153urs), de 8 Go de RAM et d\u2019un SSD rapide de 256 Go, il offre une excellente fluidit\u00e9 et des performances stables pour le multit\u00e2che et les applications professionnelles.\",\"breadcrumb\":{\"@id\":\"https:\\\/\\\/business-god.com\\\/boutique\\\/lenovo-thinkpad-t460s\\\/#breadcrumb\"},\"inLanguage\":\"en-US\",\"potentialAction\":[{\"@type\":\"ReadAction\",\"target\":[\"https:\\\/\\\/business-god.com\\\/boutique\\\/lenovo-thinkpad-t460s\\\/\"]}]},{\"@type\":\"ImageObject\",\"inLanguage\":\"en-US\",\"@id\":\"https:\\\/\\\/business-god.com\\\/boutique\\\/lenovo-thinkpad-t460s\\\/#primaryimage\",\"url\":\"https:\\\/\\\/business-god.com\\\/wp-content\\\/uploads\\\/2025\\\/10\\\/Lenovo-100k.jpg\",\"contentUrl\":\"https:\\\/\\\/business-god.com\\\/wp-content\\\/uploads\\\/2025\\\/10\\\/Lenovo-100k.jpg\",\"width\":1024,\"height\":1024},{\"@type\":\"BreadcrumbList\",\"@id\":\"https:\\\/\\\/business-god.com\\\/boutique\\\/lenovo-thinkpad-t460s\\\/#breadcrumb\",\"itemListElement\":[{\"@type\":\"ListItem\",\"position\":1,\"name\":\"Home\",\"item\":\"https:\\\/\\\/business-god.com\\\/\"},{\"@type\":\"ListItem\",\"position\":2,\"name\":\"Boutique\",\"item\":\"https:\\\/\\\/business-god.com\\\/boutique\\\/\"},{\"@type\":\"ListItem\",\"position\":3,\"name\":\"Lenovo Thinkpad T460s\"}]},{\"@type\":\"WebSite\",\"@id\":\"https:\\\/\\\/business-god.com\\\/#website\",\"url\":\"https:\\\/\\\/business-god.com\\\/\",\"name\":\"business-god.com\",\"description\":\"L\u2019excellence au service du digital et de la performance\",\"potentialAction\":[{\"@type\":\"SearchAction\",\"target\":{\"@type\":\"EntryPoint\",\"urlTemplate\":\"https:\\\/\\\/business-god.com\\\/?s={search_term_string}\"},\"query-input\":{\"@type\":\"PropertyValueSpecification\",\"valueRequired\":true,\"valueName\":\"search_term_string\"}}],\"inLanguage\":\"en-US\"}]}<\/script>\n<!-- \/ Yoast SEO plugin. -->","yoast_head_json":{"title":"Lenovo Thinkpad T460s - business-god.com","description":"Le Lenovo ThinkPad T460s est un ultraportable puissant et robuste, con\u00e7u pour les professionnels exigeants. \u00c9quip\u00e9 d\u2019un processeur Intel Core i5 de 6\u1d49 g\u00e9n\u00e9ration (2.4 GHz, Turbo Boost jusqu\u2019\u00e0 2.8 GHz, 4 c\u0153urs), de 8 Go de RAM et d\u2019un SSD rapide de 256 Go, il offre une excellente fluidit\u00e9 et des performances stables pour le multit\u00e2che et les applications professionnelles.","robots":{"index":"index","follow":"follow","max-snippet":"max-snippet:-1","max-image-preview":"max-image-preview:large","max-video-preview":"max-video-preview:-1"},"canonical":"https:\/\/business-god.com\/en\/boutique\/lenovo-thinkpad-t460s\/","og_locale":"en_US","og_type":"article","og_title":"Lenovo Thinkpad T460s - business-god.com","og_description":"Le Lenovo ThinkPad T460s est un ultraportable puissant et robuste, con\u00e7u pour les professionnels exigeants. \u00c9quip\u00e9 d\u2019un processeur Intel Core i5 de 6\u1d49 g\u00e9n\u00e9ration (2.4 GHz, Turbo Boost jusqu\u2019\u00e0 2.8 GHz, 4 c\u0153urs), de 8 Go de RAM et d\u2019un SSD rapide de 256 Go, il offre une excellente fluidit\u00e9 et des performances stables pour le multit\u00e2che et les applications professionnelles.","og_url":"https:\/\/business-god.com\/en\/boutique\/lenovo-thinkpad-t460s\/","og_site_name":"business-god.com","article_modified_time":"2025-10-29T10:41:43+00:00","og_image":[{"width":1024,"height":1024,"url":"https:\/\/business-god.com\/wp-content\/uploads\/2025\/10\/Lenovo-100k.jpg","type":"image\/jpeg"}],"twitter_card":"summary_large_image","twitter_misc":{"Est. reading time":"2 minutes"},"schema":{"@context":"https:\/\/schema.org","@graph":[{"@type":"WebPage","@id":"https:\/\/business-god.com\/boutique\/lenovo-thinkpad-t460s\/","url":"https:\/\/business-god.com\/boutique\/lenovo-thinkpad-t460s\/","name":"Lenovo Thinkpad T460s - business-god.com","isPartOf":{"@id":"https:\/\/business-god.com\/#website"},"primaryImageOfPage":{"@id":"https:\/\/business-god.com\/boutique\/lenovo-thinkpad-t460s\/#primaryimage"},"image":{"@id":"https:\/\/business-god.com\/boutique\/lenovo-thinkpad-t460s\/#primaryimage"},"thumbnailUrl":"https:\/\/business-god.com\/wp-content\/uploads\/2025\/10\/Lenovo-100k.jpg","datePublished":"2025-10-29T10:25:23+00:00","dateModified":"2025-10-29T10:41:43+00:00","description":"Le Lenovo ThinkPad T460s est un ultraportable puissant et robuste, con\u00e7u pour les professionnels exigeants. \u00c9quip\u00e9 d\u2019un processeur Intel Core i5 de 6\u1d49 g\u00e9n\u00e9ration (2.4 GHz, Turbo Boost jusqu\u2019\u00e0 2.8 GHz, 4 c\u0153urs), de 8 Go de RAM et d\u2019un SSD rapide de 256 Go, il offre une excellente fluidit\u00e9 et des performances stables pour le multit\u00e2che et les applications professionnelles.","breadcrumb":{"@id":"https:\/\/business-god.com\/boutique\/lenovo-thinkpad-t460s\/#breadcrumb"},"inLanguage":"en-US","potentialAction":[{"@type":"ReadAction","target":["https:\/\/business-god.com\/boutique\/lenovo-thinkpad-t460s\/"]}]},{"@type":"ImageObject","inLanguage":"en-US","@id":"https:\/\/business-god.com\/boutique\/lenovo-thinkpad-t460s\/#primaryimage","url":"https:\/\/business-god.com\/wp-content\/uploads\/2025\/10\/Lenovo-100k.jpg","contentUrl":"https:\/\/business-god.com\/wp-content\/uploads\/2025\/10\/Lenovo-100k.jpg","width":1024,"height":1024},{"@type":"BreadcrumbList","@id":"https:\/\/business-god.com\/boutique\/lenovo-thinkpad-t460s\/#breadcrumb","itemListElement":[{"@type":"ListItem","position":1,"name":"Home","item":"https:\/\/business-god.com\/"},{"@type":"ListItem","position":2,"name":"Boutique","item":"https:\/\/business-god.com\/boutique\/"},{"@type":"ListItem","position":3,"name":"Lenovo Thinkpad T460s"}]},{"@type":"WebSite","@id":"https:\/\/business-god.com\/#website","url":"https:\/\/business-god.com\/","name":"business-god.com","description":"L\u2019excellence au service du digital et de la performance","potentialAction":[{"@type":"SearchAction","target":{"@type":"EntryPoint","urlTemplate":"https:\/\/business-god.com\/?s={search_term_string}"},"query-input":{"@type":"PropertyValueSpecification","valueRequired":true,"valueName":"search_term_string"}}],"inLanguage":"en-US"}]}},"jetpack_sharing_enabled":true,"_links":{"self":[{"href":"https:\/\/business-god.com\/en\/wp-json\/wp\/v2\/product\/271","targetHints":{"allow":["GET"]}}],"collection":[{"href":"https:\/\/business-god.com\/en\/wp-json\/wp\/v2\/product"}],"about":[{"href":"https:\/\/business-god.com\/en\/wp-json\/wp\/v2\/types\/product"}],"replies":[{"embeddable":true,"href":"https:\/\/business-god.com\/en\/wp-json\/wp\/v2\/comments?post=271"}],"wp:featuredmedia":[{"embeddable":true,"href":"https:\/\/business-god.com\/en\/wp-json\/wp\/v2\/media\/272"}],"wp:attachment":[{"href":"https:\/\/business-god.com\/en\/wp-json\/wp\/v2\/media?parent=271"}],"wp:term":[{"taxonomy":"product_brand","embeddable":true,"href":"https:\/\/business-god.com\/en\/wp-json\/wp\/v2\/product_brand?post=271"},{"taxonomy":"product_cat","embeddable":true,"href":"https:\/\/business-god.com\/en\/wp-json\/wp\/v2\/product_cat?post=271"},{"taxonomy":"product_tag","embeddable":true,"href":"https:\/\/business-god.com\/en\/wp-json\/wp\/v2\/product_tag?post=271"}],"curies":[{"name":"wp","href":"https:\/\/api.w.org\/{rel}","templated":true}]}}