{"id":268,"date":"2025-10-28T15:55:03","date_gmt":"2025-10-28T14:55:03","guid":{"rendered":"https:\/\/business-god.com\/?post_type=product&#038;p=268"},"modified":"2025-10-28T15:55:04","modified_gmt":"2025-10-28T14:55:04","slug":"laptop-hp","status":"publish","type":"product","link":"https:\/\/business-god.com\/en\/boutique\/laptop-hp\/","title":{"rendered":"Laptop HP"},"content":{"rendered":"<p>Profitez d\u2019une exp\u00e9rience num\u00e9rique fluide et performante avec ce portable HP, con\u00e7u pour r\u00e9pondre aux besoins tant des professionnels que des utilisateurs exigeants. Le ch\u00e2ssis \u00e9l\u00e9gant et l\u00e9ger embarque un \u00e9cran g\u00e9n\u00e9reux (14 \u00e0 15,6 \u2033 selon configuration) en r\u00e9solution Full HD ou HD, offrant une nettet\u00e9 visuelle parfaite pour le travail, le divertissement ou les \u00e9tudes. Par exemple, certains mod\u00e8les disposent d\u2019un \u00e9cran 15,6\u2033 Full HD (1920 \u00d7 1080) micro-edge anti-reflet.<\/p>","protected":false},"excerpt":{"rendered":"<p>Profitez d\u2019une exp\u00e9rience num\u00e9rique fluide et performante avec ce portable HP, con\u00e7u pour r\u00e9pondre aux besoins tant des professionnels que des utilisateurs exigeants. Le ch\u00e2ssis \u00e9l\u00e9gant et l\u00e9ger embarque un \u00e9cran g\u00e9n\u00e9reux (14 \u00e0 15,6 \u2033 selon configuration) en r\u00e9solution Full HD ou HD, offrant une nettet\u00e9 visuelle parfaite pour le travail, le divertissement ou les \u00e9tudes. Par exemple, certains mod\u00e8les disposent d\u2019un \u00e9cran 15,6\u2033 Full HD (1920 \u00d7 1080) micro-edge anti-reflet.<\/p>","protected":false},"featured_media":259,"comment_status":"open","ping_status":"closed","template":"","meta":{"_et_pb_use_builder":"","_et_pb_old_content":"","_et_gb_content_width":""},"product_brand":[],"product_cat":[20],"product_tag":[23],"class_list":{"0":"post-268","1":"product","2":"type-product","3":"status-publish","4":"has-post-thumbnail","6":"product_cat-laptop","7":"product_tag-hp","9":"first","10":"instock","11":"taxable","12":"shipping-taxable","13":"purchasable","14":"product-type-simple"},"yoast_head":"<!-- This site is optimized with the Yoast SEO plugin v27.4 - https:\/\/yoast.com\/product\/yoast-seo-wordpress\/ -->\n<title>Laptop HP - business-god.com<\/title>\n<meta name=\"robots\" content=\"index, follow, max-snippet:-1, max-image-preview:large, max-video-preview:-1\" \/>\n<link rel=\"canonical\" href=\"https:\/\/business-god.com\/en\/boutique\/laptop-hp\/\" \/>\n<meta property=\"og:locale\" content=\"en_US\" \/>\n<meta property=\"og:type\" content=\"article\" \/>\n<meta property=\"og:title\" content=\"Laptop HP - business-god.com\" \/>\n<meta property=\"og:description\" content=\"Profitez d\u2019une exp\u00e9rience num\u00e9rique fluide et performante avec ce portable HP, con\u00e7u pour r\u00e9pondre aux besoins tant des professionnels que des utilisateurs exigeants. Le ch\u00e2ssis \u00e9l\u00e9gant et l\u00e9ger embarque un \u00e9cran g\u00e9n\u00e9reux (14 \u00e0 15,6 \u2033 selon configuration) en r\u00e9solution Full HD ou HD, offrant une nettet\u00e9 visuelle parfaite pour le travail, le divertissement ou les \u00e9tudes. Par exemple, certains mod\u00e8les disposent d\u2019un \u00e9cran 15,6\u2033 Full HD (1920 \u00d7 1080) micro-edge anti-reflet.\" \/>\n<meta property=\"og:url\" content=\"https:\/\/business-god.com\/en\/boutique\/laptop-hp\/\" \/>\n<meta property=\"og:site_name\" content=\"business-god.com\" \/>\n<meta property=\"article:modified_time\" content=\"2025-10-28T14:55:04+00:00\" \/>\n<meta property=\"og:image\" content=\"https:\/\/business-god.com\/wp-content\/uploads\/2025\/10\/IMG-20251028-WA0025.jpg\" \/>\n\t<meta property=\"og:image:width\" content=\"810\" \/>\n\t<meta property=\"og:image:height\" content=\"1080\" \/>\n\t<meta property=\"og:image:type\" content=\"image\/jpeg\" \/>\n<meta name=\"twitter:card\" content=\"summary_large_image\" \/>\n<meta name=\"twitter:label1\" content=\"Est. reading time\" \/>\n\t<meta name=\"twitter:data1\" content=\"1 minute\" \/>\n<script type=\"application\/ld+json\" class=\"yoast-schema-graph\">{\"@context\":\"https:\\\/\\\/schema.org\",\"@graph\":[{\"@type\":\"WebPage\",\"@id\":\"https:\\\/\\\/business-god.com\\\/boutique\\\/laptop-hp\\\/\",\"url\":\"https:\\\/\\\/business-god.com\\\/boutique\\\/laptop-hp\\\/\",\"name\":\"Laptop HP - business-god.com\",\"isPartOf\":{\"@id\":\"https:\\\/\\\/business-god.com\\\/#website\"},\"primaryImageOfPage\":{\"@id\":\"https:\\\/\\\/business-god.com\\\/boutique\\\/laptop-hp\\\/#primaryimage\"},\"image\":{\"@id\":\"https:\\\/\\\/business-god.com\\\/boutique\\\/laptop-hp\\\/#primaryimage\"},\"thumbnailUrl\":\"https:\\\/\\\/business-god.com\\\/wp-content\\\/uploads\\\/2025\\\/10\\\/IMG-20251028-WA0025.jpg\",\"datePublished\":\"2025-10-28T14:55:03+00:00\",\"dateModified\":\"2025-10-28T14:55:04+00:00\",\"breadcrumb\":{\"@id\":\"https:\\\/\\\/business-god.com\\\/boutique\\\/laptop-hp\\\/#breadcrumb\"},\"inLanguage\":\"en-US\",\"potentialAction\":[{\"@type\":\"ReadAction\",\"target\":[\"https:\\\/\\\/business-god.com\\\/boutique\\\/laptop-hp\\\/\"]}]},{\"@type\":\"ImageObject\",\"inLanguage\":\"en-US\",\"@id\":\"https:\\\/\\\/business-god.com\\\/boutique\\\/laptop-hp\\\/#primaryimage\",\"url\":\"https:\\\/\\\/business-god.com\\\/wp-content\\\/uploads\\\/2025\\\/10\\\/IMG-20251028-WA0025.jpg\",\"contentUrl\":\"https:\\\/\\\/business-god.com\\\/wp-content\\\/uploads\\\/2025\\\/10\\\/IMG-20251028-WA0025.jpg\",\"width\":810,\"height\":1080},{\"@type\":\"BreadcrumbList\",\"@id\":\"https:\\\/\\\/business-god.com\\\/boutique\\\/laptop-hp\\\/#breadcrumb\",\"itemListElement\":[{\"@type\":\"ListItem\",\"position\":1,\"name\":\"Home\",\"item\":\"https:\\\/\\\/business-god.com\\\/\"},{\"@type\":\"ListItem\",\"position\":2,\"name\":\"Boutique\",\"item\":\"https:\\\/\\\/business-god.com\\\/boutique\\\/\"},{\"@type\":\"ListItem\",\"position\":3,\"name\":\"Laptop HP\"}]},{\"@type\":\"WebSite\",\"@id\":\"https:\\\/\\\/business-god.com\\\/#website\",\"url\":\"https:\\\/\\\/business-god.com\\\/\",\"name\":\"business-god.com\",\"description\":\"L\u2019excellence au service du digital et de la performance\",\"potentialAction\":[{\"@type\":\"SearchAction\",\"target\":{\"@type\":\"EntryPoint\",\"urlTemplate\":\"https:\\\/\\\/business-god.com\\\/?s={search_term_string}\"},\"query-input\":{\"@type\":\"PropertyValueSpecification\",\"valueRequired\":true,\"valueName\":\"search_term_string\"}}],\"inLanguage\":\"en-US\"}]}<\/script>\n<!-- \/ Yoast SEO plugin. -->","yoast_head_json":{"title":"Laptop HP - business-god.com","robots":{"index":"index","follow":"follow","max-snippet":"max-snippet:-1","max-image-preview":"max-image-preview:large","max-video-preview":"max-video-preview:-1"},"canonical":"https:\/\/business-god.com\/en\/boutique\/laptop-hp\/","og_locale":"en_US","og_type":"article","og_title":"Laptop HP - business-god.com","og_description":"Profitez d\u2019une exp\u00e9rience num\u00e9rique fluide et performante avec ce portable HP, con\u00e7u pour r\u00e9pondre aux besoins tant des professionnels que des utilisateurs exigeants. Le ch\u00e2ssis \u00e9l\u00e9gant et l\u00e9ger embarque un \u00e9cran g\u00e9n\u00e9reux (14 \u00e0 15,6 \u2033 selon configuration) en r\u00e9solution Full HD ou HD, offrant une nettet\u00e9 visuelle parfaite pour le travail, le divertissement ou les \u00e9tudes. Par exemple, certains mod\u00e8les disposent d\u2019un \u00e9cran 15,6\u2033 Full HD (1920 \u00d7 1080) micro-edge anti-reflet.","og_url":"https:\/\/business-god.com\/en\/boutique\/laptop-hp\/","og_site_name":"business-god.com","article_modified_time":"2025-10-28T14:55:04+00:00","og_image":[{"width":810,"height":1080,"url":"https:\/\/business-god.com\/wp-content\/uploads\/2025\/10\/IMG-20251028-WA0025.jpg","type":"image\/jpeg"}],"twitter_card":"summary_large_image","twitter_misc":{"Est. reading time":"1 minute"},"schema":{"@context":"https:\/\/schema.org","@graph":[{"@type":"WebPage","@id":"https:\/\/business-god.com\/boutique\/laptop-hp\/","url":"https:\/\/business-god.com\/boutique\/laptop-hp\/","name":"Laptop HP - business-god.com","isPartOf":{"@id":"https:\/\/business-god.com\/#website"},"primaryImageOfPage":{"@id":"https:\/\/business-god.com\/boutique\/laptop-hp\/#primaryimage"},"image":{"@id":"https:\/\/business-god.com\/boutique\/laptop-hp\/#primaryimage"},"thumbnailUrl":"https:\/\/business-god.com\/wp-content\/uploads\/2025\/10\/IMG-20251028-WA0025.jpg","datePublished":"2025-10-28T14:55:03+00:00","dateModified":"2025-10-28T14:55:04+00:00","breadcrumb":{"@id":"https:\/\/business-god.com\/boutique\/laptop-hp\/#breadcrumb"},"inLanguage":"en-US","potentialAction":[{"@type":"ReadAction","target":["https:\/\/business-god.com\/boutique\/laptop-hp\/"]}]},{"@type":"ImageObject","inLanguage":"en-US","@id":"https:\/\/business-god.com\/boutique\/laptop-hp\/#primaryimage","url":"https:\/\/business-god.com\/wp-content\/uploads\/2025\/10\/IMG-20251028-WA0025.jpg","contentUrl":"https:\/\/business-god.com\/wp-content\/uploads\/2025\/10\/IMG-20251028-WA0025.jpg","width":810,"height":1080},{"@type":"BreadcrumbList","@id":"https:\/\/business-god.com\/boutique\/laptop-hp\/#breadcrumb","itemListElement":[{"@type":"ListItem","position":1,"name":"Home","item":"https:\/\/business-god.com\/"},{"@type":"ListItem","position":2,"name":"Boutique","item":"https:\/\/business-god.com\/boutique\/"},{"@type":"ListItem","position":3,"name":"Laptop HP"}]},{"@type":"WebSite","@id":"https:\/\/business-god.com\/#website","url":"https:\/\/business-god.com\/","name":"business-god.com","description":"L\u2019excellence au service du digital et de la performance","potentialAction":[{"@type":"SearchAction","target":{"@type":"EntryPoint","urlTemplate":"https:\/\/business-god.com\/?s={search_term_string}"},"query-input":{"@type":"PropertyValueSpecification","valueRequired":true,"valueName":"search_term_string"}}],"inLanguage":"en-US"}]}},"jetpack_sharing_enabled":true,"_links":{"self":[{"href":"https:\/\/business-god.com\/en\/wp-json\/wp\/v2\/product\/268","targetHints":{"allow":["GET"]}}],"collection":[{"href":"https:\/\/business-god.com\/en\/wp-json\/wp\/v2\/product"}],"about":[{"href":"https:\/\/business-god.com\/en\/wp-json\/wp\/v2\/types\/product"}],"replies":[{"embeddable":true,"href":"https:\/\/business-god.com\/en\/wp-json\/wp\/v2\/comments?post=268"}],"wp:featuredmedia":[{"embeddable":true,"href":"https:\/\/business-god.com\/en\/wp-json\/wp\/v2\/media\/259"}],"wp:attachment":[{"href":"https:\/\/business-god.com\/en\/wp-json\/wp\/v2\/media?parent=268"}],"wp:term":[{"taxonomy":"product_brand","embeddable":true,"href":"https:\/\/business-god.com\/en\/wp-json\/wp\/v2\/product_brand?post=268"},{"taxonomy":"product_cat","embeddable":true,"href":"https:\/\/business-god.com\/en\/wp-json\/wp\/v2\/product_cat?post=268"},{"taxonomy":"product_tag","embeddable":true,"href":"https:\/\/business-god.com\/en\/wp-json\/wp\/v2\/product_tag?post=268"}],"curies":[{"name":"wp","href":"https:\/\/api.w.org\/{rel}","templated":true}]}}